{"id":1404,"date":"2022-11-17T15:11:32","date_gmt":"2022-11-17T15:11:32","guid":{"rendered":"https:\/\/belliskozmetika.com\/?page_id=1404"},"modified":"2025-10-09T11:13:37","modified_gmt":"2025-10-09T11:13:37","slug":"dermapen","status":"publish","type":"page","link":"https:\/\/belliskozmetika.com\/index.php\/dermapen\/","title":{"rendered":"Dermapen"},"content":{"rendered":"\t\t<div data-elementor-type=\"wp-page\" data-elementor-id=\"1404\" class=\"elementor elementor-1404\">\n\t\t\t\t\t\t\t\t\t<section class=\"elementor-section elementor-top-section elementor-element elementor-element-c8d1405 elementor-section-boxed elementor-section-height-default elementor-section-height-default\" data-id=\"c8d1405\" data-element_type=\"section\" data-settings=\"{&quot;background_background&quot;:&quot;classic&quot;}\">\n\t\t\t\t\t\t<div class=\"elementor-container elementor-column-gap-no\">\n\t\t\t\t\t<div class=\"elementor-column elementor-col-100 elementor-top-column elementor-element elementor-element-6321077\" data-id=\"6321077\" data-element_type=\"column\">\n\t\t\t<div class=\"elementor-widget-wrap elementor-element-populated\">\n\t\t\t\t\t\t\t\t<div class=\"elementor-element elementor-element-67af5d1 elementor-widget elementor-widget-text-editor\" data-id=\"67af5d1\" data-element_type=\"widget\" data-widget_type=\"text-editor.default\">\n\t\t\t\t<div class=\"elementor-widget-container\">\n\t\t\t<style>\/*! elementor - v3.8.1 - 13-11-2022 *\/\n.elementor-widget-text-editor.elementor-drop-cap-view-stacked .elementor-drop-cap{background-color:#818a91;color:#fff}.elementor-widget-text-editor.elementor-drop-cap-view-framed .elementor-drop-cap{color:#818a91;border:3px solid;background-color:transparent}.elementor-widget-text-editor:not(.elementor-drop-cap-view-default) .elementor-drop-cap{margin-top:8px}.elementor-widget-text-editor:not(.elementor-drop-cap-view-default) .elementor-drop-cap-letter{width:1em;height:1em}.elementor-widget-text-editor .elementor-drop-cap{float:left;text-align:center;line-height:1;font-size:50px}.elementor-widget-text-editor .elementor-drop-cap-letter{display:inline-block}<\/style>\t\t\t\t\t\t\t\t\t\t<\/div>\n\t\t\t\t<\/div>\n\t\t\t\t\t<\/div>\n\t\t<\/div>\n\t\t\t\t\t\t\t<\/div>\n\t\t<\/section>\n\t\t\t\t<section class=\"elementor-section elementor-top-section elementor-element elementor-element-8338eba elementor-section-boxed elementor-section-height-default elementor-section-height-default\" data-id=\"8338eba\" data-element_type=\"section\" data-settings=\"{&quot;background_background&quot;:&quot;classic&quot;}\">\n\t\t\t\t\t\t<div class=\"elementor-container elementor-column-gap-no\">\n\t\t\t\t\t<div class=\"elementor-column elementor-col-100 elementor-top-column elementor-element elementor-element-0537fad\" data-id=\"0537fad\" data-element_type=\"column\">\n\t\t\t<div class=\"elementor-widget-wrap elementor-element-populated\">\n\t\t\t\t\t\t\t\t<div class=\"elementor-element elementor-element-b090d03 elementor-widget elementor-widget-heading\" data-id=\"b090d03\" data-element_type=\"widget\" data-widget_type=\"heading.default\">\n\t\t\t\t<div class=\"elementor-widget-container\">\n\t\t\t<style>\/*! elementor - v3.8.1 - 13-11-2022 *\/\n.elementor-heading-title{padding:0;margin:0;line-height:1}.elementor-widget-heading .elementor-heading-title[class*=elementor-size-]>a{color:inherit;font-size:inherit;line-height:inherit}.elementor-widget-heading .elementor-heading-title.elementor-size-small{font-size:15px}.elementor-widget-heading .elementor-heading-title.elementor-size-medium{font-size:19px}.elementor-widget-heading .elementor-heading-title.elementor-size-large{font-size:29px}.elementor-widget-heading .elementor-heading-title.elementor-size-xl{font-size:39px}.elementor-widget-heading .elementor-heading-title.elementor-size-xxl{font-size:59px}<\/style><h6 class=\"elementor-heading-title elementor-size-default\">t\u0171s mezoter\u00e1pia<\/h6>\t\t<\/div>\n\t\t\t\t<\/div>\n\t\t\t\t<div class=\"elementor-element elementor-element-003b824 elementor-widget elementor-widget-heading\" data-id=\"003b824\" data-element_type=\"widget\" data-widget_type=\"heading.default\">\n\t\t\t\t<div class=\"elementor-widget-container\">\n\t\t\t<h2 class=\"elementor-heading-title elementor-size-default\">Dermapen - Microneedling<\/h2>\t\t<\/div>\n\t\t\t\t<\/div>\n\t\t\t\t<div class=\"elementor-element elementor-element-fac5dd2 elementor-widget elementor-widget-text-editor\" data-id=\"fac5dd2\" data-element_type=\"widget\" data-widget_type=\"text-editor.default\">\n\t\t\t\t<div class=\"elementor-widget-container\">\n\t\t\t\t\t\t\t<p>A dermapen egy olyan t\u0171s mezoter\u00e1pi\u00e1s eszk\u00f6z, mely v\u00e9g\u00e9t t\u00f6bb (12-36) hajsz\u00e1lv\u00e9kony t\u0171 bor\u00edtja. A kezel\u00e9s k\u00e9t oldalr\u00f3l t\u00e1mogatja az el\u00e9rni k\u00edv\u00e1nt b\u0151reszt\u00e9tik\u00e1t.<br>A b\u0151r kollag\u00e9n termel\u0151d\u00e9se 3-4-szeres\u00e9re fokoz\u00f3dik, felfriss\u00fcl a kollag\u00e9n \u00e1llom\u00e1ny. Az \u00faj kollag\u00e9n r\u00e9teg rugalmasabb, ez\u00e1ltal a b\u0151r feszesebb lesz.<br>A k\u00f6t\u0151sz\u00f6vet vastags\u00e1ga n\u0151, a b\u0151r t\u00f6m\u00f6ttebb\u00e9 v\u00e1lik, \u00edgy \u00e9r\u00fcnk el egy kiemelked\u0151 lifting hat\u00e1st.<\/p>\n<p><b>Maxim\u00e1lis \u00e9s tart\u00f3s eredm\u00e9ny el\u00e9r\u00e9se \u00e9rdek\u00e9ben k\u00faraszer\u0171 alkalmaz\u00e1s aj\u00e1nlott, 6-8 alkalom 10-14 naponta!<\/b><\/p>\n<p><\/p>\t\t\t\t\t\t<\/div>\n\t\t\t\t<\/div>\n\t\t\t\t<section class=\"elementor-section elementor-inner-section elementor-element elementor-element-2dab0cf elementor-section-content-middle elementor-section-boxed elementor-section-height-default elementor-section-height-default\" data-id=\"2dab0cf\" data-element_type=\"section\">\n\t\t\t\t\t\t<div class=\"elementor-container elementor-column-gap-no\">\n\t\t\t\t\t<div class=\"elementor-column elementor-col-50 elementor-inner-column elementor-element elementor-element-68ec989\" data-id=\"68ec989\" data-element_type=\"column\">\n\t\t\t<div class=\"elementor-widget-wrap elementor-element-populated\">\n\t\t\t\t\t\t\t\t<div class=\"elementor-element elementor-element-13c2b8b elementor-widget elementor-widget-image\" data-id=\"13c2b8b\" data-element_type=\"widget\" data-widget_type=\"image.default\">\n\t\t\t\t<div class=\"elementor-widget-container\">\n\t\t\t<style>\/*! elementor - v3.8.1 - 13-11-2022 *\/\n.elementor-widget-image{text-align:center}.elementor-widget-image a{display:inline-block}.elementor-widget-image a img[src$=\".svg\"]{width:48px}.elementor-widget-image img{vertical-align:middle;display:inline-block}<\/style>\t\t\t\t\t\t\t\t\t\t\t\t<img decoding=\"async\" width=\"300\" height=\"300\" src=\"https:\/\/belliskozmetika.com\/wp-content\/uploads\/2025\/10\/elotte-utana-demapen-300x300.jpg\" class=\"attachment-medium size-medium\" alt=\"\" loading=\"lazy\" srcset=\"https:\/\/belliskozmetika.com\/wp-content\/uploads\/2025\/10\/elotte-utana-demapen-300x300.jpg 300w, https:\/\/belliskozmetika.com\/wp-content\/uploads\/2025\/10\/elotte-utana-demapen-1024x1024.jpg 1024w, https:\/\/belliskozmetika.com\/wp-content\/uploads\/2025\/10\/elotte-utana-demapen-150x150.jpg 150w, https:\/\/belliskozmetika.com\/wp-content\/uploads\/2025\/10\/elotte-utana-demapen-768x768.jpg 768w, https:\/\/belliskozmetika.com\/wp-content\/uploads\/2025\/10\/elotte-utana-demapen-1536x1536.jpg 1536w, https:\/\/belliskozmetika.com\/wp-content\/uploads\/2025\/10\/elotte-utana-demapen.jpg 2048w\" sizes=\"(max-width: 300px) 100vw, 300px\" \/>\t\t\t\t\t\t\t\t\t\t\t\t\t\t\t<\/div>\n\t\t\t\t<\/div>\n\t\t\t\t<div class=\"elementor-element elementor-element-1619800 elementor-widget elementor-widget-image\" data-id=\"1619800\" data-element_type=\"widget\" data-widget_type=\"image.default\">\n\t\t\t\t<div class=\"elementor-widget-container\">\n\t\t\t\t\t\t\t\t\t\t\t\t\t\t\t<img decoding=\"async\" width=\"300\" height=\"300\" src=\"https:\/\/belliskozmetika.com\/wp-content\/uploads\/2025\/10\/Dermapen-microneedling-300x300.jpg\" class=\"attachment-medium size-medium\" alt=\"\" loading=\"lazy\" srcset=\"https:\/\/belliskozmetika.com\/wp-content\/uploads\/2025\/10\/Dermapen-microneedling-300x300.jpg 300w, https:\/\/belliskozmetika.com\/wp-content\/uploads\/2025\/10\/Dermapen-microneedling-1024x1024.jpg 1024w, https:\/\/belliskozmetika.com\/wp-content\/uploads\/2025\/10\/Dermapen-microneedling-150x150.jpg 150w, https:\/\/belliskozmetika.com\/wp-content\/uploads\/2025\/10\/Dermapen-microneedling-768x768.jpg 768w, https:\/\/belliskozmetika.com\/wp-content\/uploads\/2025\/10\/Dermapen-microneedling-1536x1536.jpg 1536w, https:\/\/belliskozmetika.com\/wp-content\/uploads\/2025\/10\/Dermapen-microneedling.jpg 2048w\" sizes=\"(max-width: 300px) 100vw, 300px\" \/>\t\t\t\t\t\t\t\t\t\t\t\t\t\t\t<\/div>\n\t\t\t\t<\/div>\n\t\t\t\t\t<\/div>\n\t\t<\/div>\n\t\t\t\t<div class=\"elementor-column elementor-col-50 elementor-inner-column elementor-element elementor-element-0da0da9\" data-id=\"0da0da9\" data-element_type=\"column\">\n\t\t\t<div class=\"elementor-widget-wrap elementor-element-populated\">\n\t\t\t\t\t\t\t\t<div class=\"elementor-element elementor-element-dcb8381 elementor-widget elementor-widget-heading\" data-id=\"dcb8381\" data-element_type=\"widget\" data-widget_type=\"heading.default\">\n\t\t\t\t<div class=\"elementor-widget-container\">\n\t\t\t<h3 class=\"elementor-heading-title elementor-size-default\">Alkalmaz\u00e1si ter\u00fcletek<\/h3>\t\t<\/div>\n\t\t\t\t<\/div>\n\t\t\t\t<div class=\"elementor-element elementor-element-0f80bf2 elementor-widget elementor-widget-text-editor\" data-id=\"0f80bf2\" data-element_type=\"widget\" data-widget_type=\"text-editor.default\">\n\t\t\t\t<div class=\"elementor-widget-container\">\n\t\t\t\t\t\t\t<p><span style=\"text-align: justify;\">\u2022\u00a0<\/span><span style=\"text-align: justify; background-color: var( --e-global-color-astglobalcolor5 ); color: var(--ast-global-color-3); font-family: var( --e-global-typography-secondary-font-family ), Sans-serif; font-size: 1rem; font-weight: var( --e-global-typography-secondary-font-weight );\">Akn\u00e9k ut\u00e1n visszamaradt hegek\u00a0<\/span><\/p><p><span style=\"text-align: justify; font-style: inherit; font-weight: inherit; background-color: var( --e-global-color-astglobalcolor5 ); color: var(--ast-global-color-3); font-family: var( --e-global-typography-secondary-font-family ), Sans-serif;\">\u2022 Pettyh\u00fcdt, r\u00e1ncos, t\u00f6m\u00f6rs\u00e9g\u00e9t vesztett b\u0151r<\/span><\/p><p><span style=\"text-align: justify;\">\u2022 Pigmentfoltok<\/span><\/p><p><span style=\"text-align: justify; font-style: inherit; font-weight: inherit; background-color: var( --e-global-color-astglobalcolor5 ); color: var(--ast-global-color-3); font-family: var( --e-global-typography-secondary-font-family ), Sans-serif;\">\u2022 Stri\u00e1k, terhess\u00e9gi cs\u00edkok<\/span><\/p>\t\t\t\t\t\t<\/div>\n\t\t\t\t<\/div>\n\t\t\t\t<div class=\"elementor-element elementor-element-6263998 elementor-widget elementor-widget-button\" data-id=\"6263998\" data-element_type=\"widget\" data-widget_type=\"button.default\">\n\t\t\t\t<div class=\"elementor-widget-container\">\n\t\t\t\t\t<div class=\"elementor-button-wrapper\">\n\t\t\t<a href=\"https:\/\/belliskozmetika.com\/index.php\/contact\/\" class=\"elementor-button-link elementor-button elementor-size-sm\" role=\"button\">\n\t\t\t\t\t\t<span class=\"elementor-button-content-wrapper\">\n\t\t\t\t\t\t<span class=\"elementor-button-text\">Bejelentkez\u00e9s<\/span>\n\t\t<\/span>\n\t\t\t\t\t<\/a>\n\t\t<\/div>\n\t\t\t\t<\/div>\n\t\t\t\t<\/div>\n\t\t\t\t\t<\/div>\n\t\t<\/div>\n\t\t\t\t\t\t\t<\/div>\n\t\t<\/section>\n\t\t\t\t\t<\/div>\n\t\t<\/div>\n\t\t\t\t\t\t\t<\/div>\n\t\t<\/section>\n\t\t\t\t<section class=\"elementor-section elementor-top-section elementor-element elementor-element-1cbb5be elementor-section-boxed elementor-section-height-default elementor-section-height-default\" data-id=\"1cbb5be\" data-element_type=\"section\">\n\t\t\t\t\t\t<div class=\"elementor-container elementor-column-gap-default\">\n\t\t\t\t\t<div class=\"elementor-column elementor-col-100 elementor-top-column elementor-element elementor-element-a6b558c\" data-id=\"a6b558c\" data-element_type=\"column\">\n\t\t\t<div class=\"elementor-widget-wrap elementor-element-populated\">\n\t\t\t\t\t\t\t\t<div class=\"elementor-element elementor-element-960ce85 elementor-widget elementor-widget-heading\" data-id=\"960ce85\" data-element_type=\"widget\" data-widget_type=\"heading.default\">\n\t\t\t\t<div class=\"elementor-widget-container\">\n\t\t\t<h3 class=\"elementor-heading-title elementor-size-default\">EL\u00c9RHET\u0150S\u00c9GEIM<\/h3>\t\t<\/div>\n\t\t\t\t<\/div>\n\t\t\t\t<section class=\"elementor-section elementor-inner-section elementor-element elementor-element-81c6736 elementor-section-boxed elementor-section-height-default elementor-section-height-default\" data-id=\"81c6736\" data-element_type=\"section\" data-settings=\"{&quot;background_background&quot;:&quot;classic&quot;}\">\n\t\t\t\t\t\t<div class=\"elementor-container elementor-column-gap-no\">\n\t\t\t\t\t<div class=\"elementor-column elementor-col-25 elementor-inner-column elementor-element elementor-element-484accb\" data-id=\"484accb\" data-element_type=\"column\">\n\t\t\t<div class=\"elementor-widget-wrap elementor-element-populated\">\n\t\t\t\t\t\t\t\t<div class=\"elementor-element elementor-element-51f0873 elementor-view-stacked elementor-shape-circle elementor-widget elementor-widget-icon\" data-id=\"51f0873\" data-element_type=\"widget\" data-widget_type=\"icon.default\">\n\t\t\t\t<div class=\"elementor-widget-container\">\n\t\t\t\t\t<div class=\"elementor-icon-wrapper\">\n\t\t\t<div class=\"elementor-icon\">\n\t\t\t<i aria-hidden=\"true\" class=\"fas fa-mobile-alt\"><\/i>\t\t\t<\/div>\n\t\t<\/div>\n\t\t\t\t<\/div>\n\t\t\t\t<\/div>\n\t\t\t\t<div class=\"elementor-element elementor-element-21cbc67 elementor-widget elementor-widget-text-editor\" data-id=\"21cbc67\" data-element_type=\"widget\" data-widget_type=\"text-editor.default\">\n\t\t\t\t<div class=\"elementor-widget-container\">\n\t\t\t\t\t\t\t<p>TELEFON<\/p>\t\t\t\t\t\t<\/div>\n\t\t\t\t<\/div>\n\t\t\t\t<div class=\"elementor-element elementor-element-80fd89e elementor-widget elementor-widget-text-editor\" data-id=\"80fd89e\" data-element_type=\"widget\" data-widget_type=\"text-editor.default\">\n\t\t\t\t<div class=\"elementor-widget-container\">\n\t\t\t\t\t\t\t<p>+36 70 366 60 17<\/p>\t\t\t\t\t\t<\/div>\n\t\t\t\t<\/div>\n\t\t\t\t\t<\/div>\n\t\t<\/div>\n\t\t\t\t<div class=\"elementor-column elementor-col-25 elementor-inner-column elementor-element elementor-element-20cd150\" data-id=\"20cd150\" data-element_type=\"column\">\n\t\t\t<div class=\"elementor-widget-wrap elementor-element-populated\">\n\t\t\t\t\t\t\t\t<div class=\"elementor-element elementor-element-8239e84 elementor-view-stacked elementor-shape-circle elementor-widget elementor-widget-icon\" data-id=\"8239e84\" data-element_type=\"widget\" data-widget_type=\"icon.default\">\n\t\t\t\t<div class=\"elementor-widget-container\">\n\t\t\t\t\t<div class=\"elementor-icon-wrapper\">\n\t\t\t<div class=\"elementor-icon\">\n\t\t\t<i aria-hidden=\"true\" class=\"fas fa-envelope\"><\/i>\t\t\t<\/div>\n\t\t<\/div>\n\t\t\t\t<\/div>\n\t\t\t\t<\/div>\n\t\t\t\t<div class=\"elementor-element elementor-element-c064f8c elementor-widget elementor-widget-text-editor\" data-id=\"c064f8c\" data-element_type=\"widget\" data-widget_type=\"text-editor.default\">\n\t\t\t\t<div class=\"elementor-widget-container\">\n\t\t\t\t\t\t\t<p>E-MAIL<\/p>\t\t\t\t\t\t<\/div>\n\t\t\t\t<\/div>\n\t\t\t\t<div class=\"elementor-element elementor-element-c0a4b90 elementor-widget elementor-widget-text-editor\" data-id=\"c0a4b90\" data-element_type=\"widget\" data-widget_type=\"text-editor.default\">\n\t\t\t\t<div class=\"elementor-widget-container\">\n\t\t\t\t\t\t\t<p>simontandrea@gmail.com<\/p>\t\t\t\t\t\t<\/div>\n\t\t\t\t<\/div>\n\t\t\t\t\t<\/div>\n\t\t<\/div>\n\t\t\t\t<div class=\"elementor-column elementor-col-25 elementor-inner-column elementor-element elementor-element-6297eec\" data-id=\"6297eec\" data-element_type=\"column\">\n\t\t\t<div class=\"elementor-widget-wrap elementor-element-populated\">\n\t\t\t\t\t\t\t\t<div class=\"elementor-element elementor-element-c604acc elementor-view-stacked elementor-shape-circle elementor-widget elementor-widget-icon\" data-id=\"c604acc\" data-element_type=\"widget\" data-widget_type=\"icon.default\">\n\t\t\t\t<div class=\"elementor-widget-container\">\n\t\t\t\t\t<div class=\"elementor-icon-wrapper\">\n\t\t\t<div class=\"elementor-icon\">\n\t\t\t<i aria-hidden=\"true\" class=\"fas fa-map-marker-alt\"><\/i>\t\t\t<\/div>\n\t\t<\/div>\n\t\t\t\t<\/div>\n\t\t\t\t<\/div>\n\t\t\t\t<div class=\"elementor-element elementor-element-65625d8 elementor-widget elementor-widget-text-editor\" data-id=\"65625d8\" data-element_type=\"widget\" data-widget_type=\"text-editor.default\">\n\t\t\t\t<div class=\"elementor-widget-container\">\n\t\t\t\t\t\t\t<p>C\u00cdM<\/p>\t\t\t\t\t\t<\/div>\n\t\t\t\t<\/div>\n\t\t\t\t<div class=\"elementor-element elementor-element-c4a034c elementor-widget elementor-widget-text-editor\" data-id=\"c4a034c\" data-element_type=\"widget\" data-widget_type=\"text-editor.default\">\n\t\t\t\t<div class=\"elementor-widget-container\">\n\t\t\t\t\t\t\t<p>Duna\u00fajv\u00e1ros<br \/>Sz\u00f3r\u00e1d M\u00e1rton \u00fat 16.<br \/>104. kapucseng\u0151<\/p>\t\t\t\t\t\t<\/div>\n\t\t\t\t<\/div>\n\t\t\t\t\t<\/div>\n\t\t<\/div>\n\t\t\t\t<div class=\"elementor-column elementor-col-25 elementor-inner-column elementor-element elementor-element-44e881c\" data-id=\"44e881c\" data-element_type=\"column\">\n\t\t\t<div class=\"elementor-widget-wrap elementor-element-populated\">\n\t\t\t\t\t\t\t\t<div class=\"elementor-element elementor-element-2bbec55 elementor-view-stacked elementor-shape-circle elementor-widget elementor-widget-icon\" data-id=\"2bbec55\" data-element_type=\"widget\" data-widget_type=\"icon.default\">\n\t\t\t\t<div class=\"elementor-widget-container\">\n\t\t\t\t\t<div class=\"elementor-icon-wrapper\">\n\t\t\t<div class=\"elementor-icon\">\n\t\t\t<i aria-hidden=\"true\" class=\"fas fa-home\"><\/i>\t\t\t<\/div>\n\t\t<\/div>\n\t\t\t\t<\/div>\n\t\t\t\t<\/div>\n\t\t\t\t<div class=\"elementor-element elementor-element-3145acb elementor-widget elementor-widget-text-editor\" data-id=\"3145acb\" data-element_type=\"widget\" data-widget_type=\"text-editor.default\">\n\t\t\t\t<div class=\"elementor-widget-container\">\n\t\t\t\t\t\t\t<p>NYITVATART\u00c1S<\/p>\t\t\t\t\t\t<\/div>\n\t\t\t\t<\/div>\n\t\t\t\t<div class=\"elementor-element elementor-element-2aac586 elementor-widget elementor-widget-text-editor\" data-id=\"2aac586\" data-element_type=\"widget\" data-widget_type=\"text-editor.default\">\n\t\t\t\t<div class=\"elementor-widget-container\">\n\t\t\t\t\t\t\t<p>El\u0151re egyeztetett id\u0151pontban\u00a0<\/p>\t\t\t\t\t\t<\/div>\n\t\t\t\t<\/div>\n\t\t\t\t\t<\/div>\n\t\t<\/div>\n\t\t\t\t\t\t\t<\/div>\n\t\t<\/section>\n\t\t\t\t\t<\/div>\n\t\t<\/div>\n\t\t\t\t\t\t\t<\/div>\n\t\t<\/section>\n\t\t\t\t\t\t\t<\/div>\n\t\t","protected":false},"excerpt":{"rendered":"<p>t\u0171s mezoter\u00e1pia Dermapen &#8211; Microneedling A dermapen egy olyan t\u0171s mezoter\u00e1pi\u00e1s eszk\u00f6z, mely v\u00e9g\u00e9t t\u00f6bb (12-36) hajsz\u00e1lv\u00e9kony t\u0171 bor\u00edtja. A kezel\u00e9s k\u00e9t oldalr\u00f3l t\u00e1mogatja az el\u00e9rni k\u00edv\u00e1nt b\u0151reszt\u00e9tik\u00e1t.A b\u0151r kollag\u00e9n termel\u0151d\u00e9se 3-4-szeres\u00e9re fokoz\u00f3dik, felfriss\u00fcl a kollag\u00e9n \u00e1llom\u00e1ny. Az \u00faj kollag\u00e9n r\u00e9teg rugalmasabb, ez\u00e1ltal a b\u0151r feszesebb lesz.A k\u00f6t\u0151sz\u00f6vet vastags\u00e1ga n\u0151, a b\u0151r t\u00f6m\u00f6ttebb\u00e9 v\u00e1lik, \u00edgy &hellip;<\/p>\n<p class=\"read-more\"> <a class=\"\" href=\"https:\/\/belliskozmetika.com\/index.php\/dermapen\/\"> <span class=\"screen-reader-text\">Dermapen<\/span> Read More &raquo;<\/a><\/p>\n","protected":false},"author":1,"featured_media":0,"parent":0,"menu_order":0,"comment_status":"closed","ping_status":"closed","template":"","meta":{"om_disable_all_campaigns":false,"_mi_skip_tracking":false,"site-sidebar-layout":"no-sidebar","site-content-layout":"page-builder","ast-global-header-display":"","ast-main-header-display":"","ast-hfb-above-header-display":"","ast-hfb-below-header-display":"","ast-hfb-mobile-header-display":"","site-post-title":"disabled","ast-breadcrumbs-content":"disabled","ast-featured-img":"disabled","footer-sml-layout":"","theme-transparent-header-meta":"enabled","adv-header-id-meta":"","stick-header-meta":"","header-above-stick-meta":"","header-main-stick-meta":"","header-below-stick-meta":""},"aioseo_notices":[],"_links":{"self":[{"href":"https:\/\/belliskozmetika.com\/index.php\/wp-json\/wp\/v2\/pages\/1404"}],"collection":[{"href":"https:\/\/belliskozmetika.com\/index.php\/wp-json\/wp\/v2\/pages"}],"about":[{"href":"https:\/\/belliskozmetika.com\/index.php\/wp-json\/wp\/v2\/types\/page"}],"author":[{"embeddable":true,"href":"https:\/\/belliskozmetika.com\/index.php\/wp-json\/wp\/v2\/users\/1"}],"replies":[{"embeddable":true,"href":"https:\/\/belliskozmetika.com\/index.php\/wp-json\/wp\/v2\/comments?post=1404"}],"version-history":[{"count":25,"href":"https:\/\/belliskozmetika.com\/index.php\/wp-json\/wp\/v2\/pages\/1404\/revisions"}],"predecessor-version":[{"id":2756,"href":"https:\/\/belliskozmetika.com\/index.php\/wp-json\/wp\/v2\/pages\/1404\/revisions\/2756"}],"wp:attachment":[{"href":"https:\/\/belliskozmetika.com\/index.php\/wp-json\/wp\/v2\/media?parent=1404"}],"curies":[{"name":"wp","href":"https:\/\/api.w.org\/{rel}","templated":true}]}}