{"id":1426,"date":"2022-11-17T15:32:39","date_gmt":"2022-11-17T15:32:39","guid":{"rendered":"https:\/\/belliskozmetika.com\/?page_id=1426"},"modified":"2025-10-09T11:32:54","modified_gmt":"2025-10-09T11:32:54","slug":"tu-nelkuli-mezoterapia","status":"publish","type":"page","link":"https:\/\/belliskozmetika.com\/index.php\/tu-nelkuli-mezoterapia\/","title":{"rendered":"T\u0171 n\u00e9lk\u00fcli mezoter\u00e1pia"},"content":{"rendered":"\t\t<div data-elementor-type=\"wp-page\" data-elementor-id=\"1426\" class=\"elementor elementor-1426\">\n\t\t\t\t\t\t\t\t\t<section class=\"elementor-section elementor-top-section elementor-element elementor-element-c8d1405 elementor-section-boxed elementor-section-height-default elementor-section-height-default\" data-id=\"c8d1405\" data-element_type=\"section\" data-settings=\"{&quot;background_background&quot;:&quot;classic&quot;}\">\n\t\t\t\t\t\t<div class=\"elementor-container elementor-column-gap-no\">\n\t\t\t\t\t<div class=\"elementor-column elementor-col-100 elementor-top-column elementor-element elementor-element-6321077\" data-id=\"6321077\" data-element_type=\"column\">\n\t\t\t<div class=\"elementor-widget-wrap elementor-element-populated\">\n\t\t\t\t\t\t\t\t<div class=\"elementor-element elementor-element-67af5d1 elementor-widget elementor-widget-text-editor\" data-id=\"67af5d1\" data-element_type=\"widget\" data-widget_type=\"text-editor.default\">\n\t\t\t\t<div class=\"elementor-widget-container\">\n\t\t\t<style>\/*! elementor - v3.8.1 - 13-11-2022 *\/\n.elementor-widget-text-editor.elementor-drop-cap-view-stacked .elementor-drop-cap{background-color:#818a91;color:#fff}.elementor-widget-text-editor.elementor-drop-cap-view-framed .elementor-drop-cap{color:#818a91;border:3px solid;background-color:transparent}.elementor-widget-text-editor:not(.elementor-drop-cap-view-default) .elementor-drop-cap{margin-top:8px}.elementor-widget-text-editor:not(.elementor-drop-cap-view-default) .elementor-drop-cap-letter{width:1em;height:1em}.elementor-widget-text-editor .elementor-drop-cap{float:left;text-align:center;line-height:1;font-size:50px}.elementor-widget-text-editor .elementor-drop-cap-letter{display:inline-block}<\/style>\t\t\t\t\t\t\t\t\t\t<\/div>\n\t\t\t\t<\/div>\n\t\t\t\t\t<\/div>\n\t\t<\/div>\n\t\t\t\t\t\t\t<\/div>\n\t\t<\/section>\n\t\t\t\t<section class=\"elementor-section elementor-top-section elementor-element elementor-element-8338eba elementor-section-boxed elementor-section-height-default elementor-section-height-default\" data-id=\"8338eba\" data-element_type=\"section\" data-settings=\"{&quot;background_background&quot;:&quot;classic&quot;}\">\n\t\t\t\t\t\t<div class=\"elementor-container elementor-column-gap-no\">\n\t\t\t\t\t<div class=\"elementor-column elementor-col-100 elementor-top-column elementor-element elementor-element-0537fad\" data-id=\"0537fad\" data-element_type=\"column\">\n\t\t\t<div class=\"elementor-widget-wrap elementor-element-populated\">\n\t\t\t\t\t\t\t\t<div class=\"elementor-element elementor-element-b090d03 elementor-widget elementor-widget-heading\" data-id=\"b090d03\" data-element_type=\"widget\" data-widget_type=\"heading.default\">\n\t\t\t\t<div class=\"elementor-widget-container\">\n\t\t\t<style>\/*! elementor - v3.8.1 - 13-11-2022 *\/\n.elementor-heading-title{padding:0;margin:0;line-height:1}.elementor-widget-heading .elementor-heading-title[class*=elementor-size-]>a{color:inherit;font-size:inherit;line-height:inherit}.elementor-widget-heading .elementor-heading-title.elementor-size-small{font-size:15px}.elementor-widget-heading .elementor-heading-title.elementor-size-medium{font-size:19px}.elementor-widget-heading .elementor-heading-title.elementor-size-large{font-size:29px}.elementor-widget-heading .elementor-heading-title.elementor-size-xl{font-size:39px}.elementor-widget-heading .elementor-heading-title.elementor-size-xxl{font-size:59px}<\/style><h6 class=\"elementor-heading-title elementor-size-default\">mezoter\u00e1pia<\/h6>\t\t<\/div>\n\t\t\t\t<\/div>\n\t\t\t\t<div class=\"elementor-element elementor-element-003b824 elementor-widget elementor-widget-heading\" data-id=\"003b824\" data-element_type=\"widget\" data-widget_type=\"heading.default\">\n\t\t\t\t<div class=\"elementor-widget-container\">\n\t\t\t<h2 class=\"elementor-heading-title elementor-size-default\">T\u0171 n\u00e9lk\u00fcli mezoter\u00e1pia<\/h2>\t\t<\/div>\n\t\t\t\t<\/div>\n\t\t\t\t<div class=\"elementor-element elementor-element-fac5dd2 elementor-widget elementor-widget-text-editor\" data-id=\"fac5dd2\" data-element_type=\"widget\" data-widget_type=\"text-editor.default\">\n\t\t\t\t<div class=\"elementor-widget-container\">\n\t\t\t\t\t\t\t<p>A\u00a0<span style=\"background-color: var( --e-global-color-astglobalcolor5 );\">\u00a0b\u0151rfiatal\u00edt\u00e1s sor\u00e1n f\u0151k\u00e9nt hyaluronsavat, antioxid\u00e1nsokat, vitaminkomplexeket juttatunk be a b\u0151r h\u00e1m \u00e9s irhar\u00e9tegeibe. Ez m\u00e9lyen hidrat\u00e1lja a b\u0151rt, kisimulnak a r\u00e1ncok. A v\u00edzhi\u00e1nyos b\u0151rt felt\u00f6lti. Feszes\u00edti az arcb\u0151rt a kollag\u00e9n \u00e9s elasztin termel\u0151d\u00e9s fokoz\u00e1s\u00e1val. Antioxid\u00e1ns hat\u00e1s\u00e1nak k\u00f6sz\u00f6nhet\u0151en lass\u00edtja az \u00f6reged\u00e9si folyamatot. A b\u0151r puh\u00e1bb\u00e1, teltebb\u00e9, eg\u00e9szs\u00e9gesebb\u00e9 \u00e9s sug\u00e1rz\u00f3bb\u00e1 v\u00e1lik, a r\u00e1ncok l\u00e1tv\u00e1nyosan cs\u00f6kkennek.<\/span><\/p><p><b style=\"background-color: var( --e-global-color-astglobalcolor5 ); color: var(--ast-global-color-3); font-family: var( --e-global-typography-secondary-font-family ), Sans-serif; font-size: 1rem;\">A mezoter\u00e1pia k\u00faraszer\u0171 alkalmaz\u00e1sa javallott, mindezt\u00a0<\/b><strong style=\"color: var(--ast-global-color-3); font-family: var( --e-global-typography-secondary-font-family ), Sans-serif; font-size: 1rem; background-color: var( --e-global-color-astglobalcolor5 );\">f\u00e1jdalommentesen!<\/strong><\/p><p><img decoding=\"async\" loading=\"lazy\" class=\"alignnone size-medium wp-image-2772\" src=\"http:\/\/belliskozmetika.com\/wp-content\/uploads\/2025\/10\/tunelkuli-mezo-300x300.jpg\" alt=\"\" width=\"300\" height=\"300\" srcset=\"https:\/\/belliskozmetika.com\/wp-content\/uploads\/2025\/10\/tunelkuli-mezo-300x300.jpg 300w, https:\/\/belliskozmetika.com\/wp-content\/uploads\/2025\/10\/tunelkuli-mezo-1024x1024.jpg 1024w, https:\/\/belliskozmetika.com\/wp-content\/uploads\/2025\/10\/tunelkuli-mezo-150x150.jpg 150w, https:\/\/belliskozmetika.com\/wp-content\/uploads\/2025\/10\/tunelkuli-mezo-768x768.jpg 768w, https:\/\/belliskozmetika.com\/wp-content\/uploads\/2025\/10\/tunelkuli-mezo-1536x1536.jpg 1536w, https:\/\/belliskozmetika.com\/wp-content\/uploads\/2025\/10\/tunelkuli-mezo.jpg 2048w\" sizes=\"(max-width: 300px) 100vw, 300px\" \/><\/p><p><strong style=\"color: var(--ast-global-color-3); font-family: var( --e-global-typography-secondary-font-family ), Sans-serif; font-size: 1rem; background-color: var( --e-global-color-astglobalcolor5 );\">\u00a0<\/strong><\/p><p>\u00a0<\/p>\t\t\t\t\t\t<\/div>\n\t\t\t\t<\/div>\n\t\t\t\t<section class=\"elementor-section elementor-inner-section elementor-element elementor-element-2dab0cf elementor-section-content-middle elementor-section-boxed elementor-section-height-default elementor-section-height-default\" data-id=\"2dab0cf\" data-element_type=\"section\">\n\t\t\t\t\t\t<div class=\"elementor-container elementor-column-gap-no\">\n\t\t\t\t\t<div class=\"elementor-column elementor-col-50 elementor-inner-column elementor-element elementor-element-68ec989\" data-id=\"68ec989\" data-element_type=\"column\">\n\t\t\t<div class=\"elementor-widget-wrap elementor-element-populated\">\n\t\t\t\t\t\t\t\t<div class=\"elementor-element elementor-element-9c42212 elementor-widget elementor-widget-image\" data-id=\"9c42212\" data-element_type=\"widget\" data-widget_type=\"image.default\">\n\t\t\t\t<div class=\"elementor-widget-container\">\n\t\t\t<style>\/*! elementor - v3.8.1 - 13-11-2022 *\/\n.elementor-widget-image{text-align:center}.elementor-widget-image a{display:inline-block}.elementor-widget-image a img[src$=\".svg\"]{width:48px}.elementor-widget-image img{vertical-align:middle;display:inline-block}<\/style>\t\t\t\t\t\t\t\t\t\t\t\t<img decoding=\"async\" width=\"1280\" height=\"853\" src=\"https:\/\/belliskozmetika.com\/wp-content\/uploads\/2022\/11\/IMG_0531.jpeg\" class=\"attachment-full size-full\" alt=\"\" loading=\"lazy\" srcset=\"https:\/\/belliskozmetika.com\/wp-content\/uploads\/2022\/11\/IMG_0531.jpeg 1280w, https:\/\/belliskozmetika.com\/wp-content\/uploads\/2022\/11\/IMG_0531-300x200.jpeg 300w, https:\/\/belliskozmetika.com\/wp-content\/uploads\/2022\/11\/IMG_0531-1024x682.jpeg 1024w, https:\/\/belliskozmetika.com\/wp-content\/uploads\/2022\/11\/IMG_0531-768x512.jpeg 768w\" sizes=\"(max-width: 1280px) 100vw, 1280px\" \/>\t\t\t\t\t\t\t\t\t\t\t\t\t\t\t<\/div>\n\t\t\t\t<\/div>\n\t\t\t\t\t<\/div>\n\t\t<\/div>\n\t\t\t\t<div class=\"elementor-column elementor-col-50 elementor-inner-column elementor-element elementor-element-0da0da9\" data-id=\"0da0da9\" data-element_type=\"column\">\n\t\t\t<div class=\"elementor-widget-wrap elementor-element-populated\">\n\t\t\t\t\t\t\t\t<div class=\"elementor-element elementor-element-dcb8381 elementor-widget elementor-widget-heading\" data-id=\"dcb8381\" data-element_type=\"widget\" data-widget_type=\"heading.default\">\n\t\t\t\t<div class=\"elementor-widget-container\">\n\t\t\t<h3 class=\"elementor-heading-title elementor-size-default\">Alkalmaz\u00e1si ter\u00fcletek<\/h3>\t\t<\/div>\n\t\t\t\t<\/div>\n\t\t\t\t<div class=\"elementor-element elementor-element-0f80bf2 elementor-widget elementor-widget-text-editor\" data-id=\"0f80bf2\" data-element_type=\"widget\" data-widget_type=\"text-editor.default\">\n\t\t\t\t<div class=\"elementor-widget-container\">\n\t\t\t\t\t\t\t<ul><li>B\u0151rfelt\u00f6lt\u00e9sre, r\u00e1ncfelt\u00f6lt\u00e9sre \u00e9s szarkal\u00e1bak megsz\u00fcntet\u00e9s\u00e9re<\/li><li>Nyak, dekolt\u00e1zs fiatal\u00edt\u00e1s\u00e1ra, \u00e9s hajprobl\u00e9m\u00e1k kezel\u00e9s\u00e9re, k\u00e9zfej \u00e1pol\u00e1s\u00e1ra,<\/li><li>Pigmentfoltok halv\u00e1ny\u00edt\u00e1s\u00e1ra.<\/li><li>Akn\u00e9s vagy szebore\u00e1s b\u0151r kezel\u00e9s\u00e9re, m\u00e9lyhidrat\u00e1l\u00e1sra.\u00a0<\/li><\/ul>\t\t\t\t\t\t<\/div>\n\t\t\t\t<\/div>\n\t\t\t\t<div class=\"elementor-element elementor-element-6263998 elementor-widget elementor-widget-button\" data-id=\"6263998\" data-element_type=\"widget\" data-widget_type=\"button.default\">\n\t\t\t\t<div class=\"elementor-widget-container\">\n\t\t\t\t\t<div class=\"elementor-button-wrapper\">\n\t\t\t<a href=\"https:\/\/belliskozmetika.com\/index.php\/contact\/\" class=\"elementor-button-link elementor-button elementor-size-sm\" role=\"button\">\n\t\t\t\t\t\t<span class=\"elementor-button-content-wrapper\">\n\t\t\t\t\t\t<span class=\"elementor-button-text\">Bejelentkez\u00e9s<\/span>\n\t\t<\/span>\n\t\t\t\t\t<\/a>\n\t\t<\/div>\n\t\t\t\t<\/div>\n\t\t\t\t<\/div>\n\t\t\t\t\t<\/div>\n\t\t<\/div>\n\t\t\t\t\t\t\t<\/div>\n\t\t<\/section>\n\t\t\t\t<section class=\"elementor-section elementor-inner-section elementor-element elementor-element-2e18f38 elementor-section-content-middle elementor-reverse-mobile elementor-section-boxed elementor-section-height-default elementor-section-height-default\" data-id=\"2e18f38\" data-element_type=\"section\">\n\t\t\t\t\t\t<div class=\"elementor-container elementor-column-gap-no\">\n\t\t\t\t\t<div class=\"elementor-column elementor-col-100 elementor-inner-column elementor-element elementor-element-9e63870\" data-id=\"9e63870\" data-element_type=\"column\">\n\t\t\t<div class=\"elementor-widget-wrap elementor-element-populated\">\n\t\t\t\t\t\t\t\t<div class=\"elementor-element elementor-element-04312f6 elementor-widget elementor-widget-heading\" data-id=\"04312f6\" data-element_type=\"widget\" data-widget_type=\"heading.default\">\n\t\t\t\t<div class=\"elementor-widget-container\">\n\t\t\t<h3 class=\"elementor-heading-title elementor-size-default\">M\u0171k\u00f6d\u00e9si elv<\/h3>\t\t<\/div>\n\t\t\t\t<\/div>\n\t\t\t\t<div class=\"elementor-element elementor-element-86d36c3 elementor-widget elementor-widget-text-editor\" data-id=\"86d36c3\" data-element_type=\"widget\" data-widget_type=\"text-editor.default\">\n\t\t\t\t<div class=\"elementor-widget-container\">\n\t\t\t\t\t\t\t<p>Az \u00faj technol\u00f3gi\u00e1val rendelkez\u0151 g\u00e9p az elektropor\u00e1ci\u00f3 \u00e9s az elektrofor\u00e9zis egy\u00fcttes hat\u00e1s\u00e1t kombin\u00e1lja \u00edgy az akt\u00edv 100%-os tisztas\u00e1g\u00fa hat\u00f3anyagok m\u00e9lyen felsz\u00edv\u00f3dnak \u00e9s hihetetlen eredm\u00e9nyt produk\u00e1lnak. Az elektropor\u00e1ci\u00f3 pulz\u00e1l\u00f3 \u00e1ram seg\u00edts\u00e9g\u00e9vel igen kis m\u00e9ret\u0171 \u201ccsatorn\u00e1kat\u201d nyit a b\u0151rben, amiken kereszt\u00fcl a hat\u00f3anyagok a b\u0151r m\u00e9lyebb r\u00e9tegeibe jutnak, \u00edgy fecskend\u0151 n\u00e9lk\u00fcl is \u00e1tjutnak a sejtmembr\u00e1non, t\u00e1pl\u00e1lva a b\u0151r m\u00e9lyebb r\u00e9tegeiben lev\u0151 sejteket is. Ezek a t\u00e1pl\u00e1l\u00f3 csatorn\u00e1k a b\u0151rben n\u00e9h\u00e1ny m\u00e1sodpercig vannak nyitva, ami el\u00e9g a hat\u00f3anyagok bejut\u00e1s\u00e1ra, ut\u00e1na bez\u00e1r\u00f3dnak.<\/p><p>A kollag\u00e9n rostok aktiv\u00e1lt \u00e9s sokszori \u00f6sszeh\u00faz\u00e1sa r\u00f6vid t\u00e1v\u00fa b\u0151rfeszes\u00edt\u00e9st eredm\u00e9nyez. Az izommunka serkenti a sz\u00f6veteket, hogy kollag\u00e9nt termeljen \u00e9s a fibroblaszt sejtek dolgozzanak.<\/p>\t\t\t\t\t\t<\/div>\n\t\t\t\t<\/div>\n\t\t\t\t\t<\/div>\n\t\t<\/div>\n\t\t\t\t\t\t\t<\/div>\n\t\t<\/section>\n\t\t\t\t\t<\/div>\n\t\t<\/div>\n\t\t\t\t\t\t\t<\/div>\n\t\t<\/section>\n\t\t\t\t<section class=\"elementor-section elementor-top-section elementor-element elementor-element-1cbb5be elementor-section-boxed elementor-section-height-default elementor-section-height-default\" data-id=\"1cbb5be\" data-element_type=\"section\">\n\t\t\t\t\t\t<div class=\"elementor-container elementor-column-gap-default\">\n\t\t\t\t\t<div class=\"elementor-column elementor-col-100 elementor-top-column elementor-element elementor-element-a6b558c\" data-id=\"a6b558c\" data-element_type=\"column\">\n\t\t\t<div class=\"elementor-widget-wrap elementor-element-populated\">\n\t\t\t\t\t\t\t\t<div class=\"elementor-element elementor-element-960ce85 elementor-widget elementor-widget-heading\" data-id=\"960ce85\" data-element_type=\"widget\" data-widget_type=\"heading.default\">\n\t\t\t\t<div class=\"elementor-widget-container\">\n\t\t\t<h3 class=\"elementor-heading-title elementor-size-default\">EL\u00c9RHET\u0150S\u00c9GEIM<\/h3>\t\t<\/div>\n\t\t\t\t<\/div>\n\t\t\t\t<section class=\"elementor-section elementor-inner-section elementor-element elementor-element-81c6736 elementor-section-boxed elementor-section-height-default elementor-section-height-default\" data-id=\"81c6736\" data-element_type=\"section\" data-settings=\"{&quot;background_background&quot;:&quot;classic&quot;}\">\n\t\t\t\t\t\t<div class=\"elementor-container elementor-column-gap-no\">\n\t\t\t\t\t<div class=\"elementor-column elementor-col-25 elementor-inner-column elementor-element elementor-element-484accb\" data-id=\"484accb\" data-element_type=\"column\">\n\t\t\t<div class=\"elementor-widget-wrap elementor-element-populated\">\n\t\t\t\t\t\t\t\t<div class=\"elementor-element elementor-element-51f0873 elementor-view-stacked elementor-shape-circle elementor-widget elementor-widget-icon\" data-id=\"51f0873\" data-element_type=\"widget\" data-widget_type=\"icon.default\">\n\t\t\t\t<div class=\"elementor-widget-container\">\n\t\t\t\t\t<div class=\"elementor-icon-wrapper\">\n\t\t\t<div class=\"elementor-icon\">\n\t\t\t<i aria-hidden=\"true\" class=\"fas fa-mobile-alt\"><\/i>\t\t\t<\/div>\n\t\t<\/div>\n\t\t\t\t<\/div>\n\t\t\t\t<\/div>\n\t\t\t\t<div class=\"elementor-element elementor-element-21cbc67 elementor-widget elementor-widget-text-editor\" data-id=\"21cbc67\" data-element_type=\"widget\" data-widget_type=\"text-editor.default\">\n\t\t\t\t<div class=\"elementor-widget-container\">\n\t\t\t\t\t\t\t<p>TELEFON<\/p>\t\t\t\t\t\t<\/div>\n\t\t\t\t<\/div>\n\t\t\t\t<div class=\"elementor-element elementor-element-80fd89e elementor-widget elementor-widget-text-editor\" data-id=\"80fd89e\" data-element_type=\"widget\" data-widget_type=\"text-editor.default\">\n\t\t\t\t<div class=\"elementor-widget-container\">\n\t\t\t\t\t\t\t<p>+36 70 366 60 17<\/p>\t\t\t\t\t\t<\/div>\n\t\t\t\t<\/div>\n\t\t\t\t\t<\/div>\n\t\t<\/div>\n\t\t\t\t<div class=\"elementor-column elementor-col-25 elementor-inner-column elementor-element elementor-element-20cd150\" data-id=\"20cd150\" data-element_type=\"column\">\n\t\t\t<div class=\"elementor-widget-wrap elementor-element-populated\">\n\t\t\t\t\t\t\t\t<div class=\"elementor-element elementor-element-8239e84 elementor-view-stacked elementor-shape-circle elementor-widget elementor-widget-icon\" data-id=\"8239e84\" data-element_type=\"widget\" data-widget_type=\"icon.default\">\n\t\t\t\t<div class=\"elementor-widget-container\">\n\t\t\t\t\t<div class=\"elementor-icon-wrapper\">\n\t\t\t<div class=\"elementor-icon\">\n\t\t\t<i aria-hidden=\"true\" class=\"fas fa-envelope\"><\/i>\t\t\t<\/div>\n\t\t<\/div>\n\t\t\t\t<\/div>\n\t\t\t\t<\/div>\n\t\t\t\t<div class=\"elementor-element elementor-element-c064f8c elementor-widget elementor-widget-text-editor\" data-id=\"c064f8c\" data-element_type=\"widget\" data-widget_type=\"text-editor.default\">\n\t\t\t\t<div class=\"elementor-widget-container\">\n\t\t\t\t\t\t\t<p>E-MAIL<\/p>\t\t\t\t\t\t<\/div>\n\t\t\t\t<\/div>\n\t\t\t\t<div class=\"elementor-element elementor-element-c0a4b90 elementor-widget elementor-widget-text-editor\" data-id=\"c0a4b90\" data-element_type=\"widget\" data-widget_type=\"text-editor.default\">\n\t\t\t\t<div class=\"elementor-widget-container\">\n\t\t\t\t\t\t\t<p>simontandrea@gmail.com<\/p>\t\t\t\t\t\t<\/div>\n\t\t\t\t<\/div>\n\t\t\t\t\t<\/div>\n\t\t<\/div>\n\t\t\t\t<div class=\"elementor-column elementor-col-25 elementor-inner-column elementor-element elementor-element-6297eec\" data-id=\"6297eec\" data-element_type=\"column\">\n\t\t\t<div class=\"elementor-widget-wrap elementor-element-populated\">\n\t\t\t\t\t\t\t\t<div class=\"elementor-element elementor-element-c604acc elementor-view-stacked elementor-shape-circle elementor-widget elementor-widget-icon\" data-id=\"c604acc\" data-element_type=\"widget\" data-widget_type=\"icon.default\">\n\t\t\t\t<div class=\"elementor-widget-container\">\n\t\t\t\t\t<div class=\"elementor-icon-wrapper\">\n\t\t\t<div class=\"elementor-icon\">\n\t\t\t<i aria-hidden=\"true\" class=\"fas fa-map-marker-alt\"><\/i>\t\t\t<\/div>\n\t\t<\/div>\n\t\t\t\t<\/div>\n\t\t\t\t<\/div>\n\t\t\t\t<div class=\"elementor-element elementor-element-65625d8 elementor-widget elementor-widget-text-editor\" data-id=\"65625d8\" data-element_type=\"widget\" data-widget_type=\"text-editor.default\">\n\t\t\t\t<div class=\"elementor-widget-container\">\n\t\t\t\t\t\t\t<p>C\u00cdM<\/p>\t\t\t\t\t\t<\/div>\n\t\t\t\t<\/div>\n\t\t\t\t<div class=\"elementor-element elementor-element-c4a034c elementor-widget elementor-widget-text-editor\" data-id=\"c4a034c\" data-element_type=\"widget\" data-widget_type=\"text-editor.default\">\n\t\t\t\t<div class=\"elementor-widget-container\">\n\t\t\t\t\t\t\t<p>Duna\u00fajv\u00e1ros<br \/>Sz\u00f3r\u00e1d M\u00e1rton \u00fat 16.<br \/>104. kapucseng\u0151<\/p>\t\t\t\t\t\t<\/div>\n\t\t\t\t<\/div>\n\t\t\t\t\t<\/div>\n\t\t<\/div>\n\t\t\t\t<div class=\"elementor-column elementor-col-25 elementor-inner-column elementor-element elementor-element-44e881c\" data-id=\"44e881c\" data-element_type=\"column\">\n\t\t\t<div class=\"elementor-widget-wrap elementor-element-populated\">\n\t\t\t\t\t\t\t\t<div class=\"elementor-element elementor-element-2bbec55 elementor-view-stacked elementor-shape-circle elementor-widget elementor-widget-icon\" data-id=\"2bbec55\" data-element_type=\"widget\" data-widget_type=\"icon.default\">\n\t\t\t\t<div class=\"elementor-widget-container\">\n\t\t\t\t\t<div class=\"elementor-icon-wrapper\">\n\t\t\t<div class=\"elementor-icon\">\n\t\t\t<i aria-hidden=\"true\" class=\"fas fa-home\"><\/i>\t\t\t<\/div>\n\t\t<\/div>\n\t\t\t\t<\/div>\n\t\t\t\t<\/div>\n\t\t\t\t<div class=\"elementor-element elementor-element-3145acb elementor-widget elementor-widget-text-editor\" data-id=\"3145acb\" data-element_type=\"widget\" data-widget_type=\"text-editor.default\">\n\t\t\t\t<div class=\"elementor-widget-container\">\n\t\t\t\t\t\t\t<p>NYITVATART\u00c1S<\/p>\t\t\t\t\t\t<\/div>\n\t\t\t\t<\/div>\n\t\t\t\t<div class=\"elementor-element elementor-element-2aac586 elementor-widget elementor-widget-text-editor\" data-id=\"2aac586\" data-element_type=\"widget\" data-widget_type=\"text-editor.default\">\n\t\t\t\t<div class=\"elementor-widget-container\">\n\t\t\t\t\t\t\t<p>El\u0151re egyeztetett id\u0151pontban\u00a0<\/p>\t\t\t\t\t\t<\/div>\n\t\t\t\t<\/div>\n\t\t\t\t\t<\/div>\n\t\t<\/div>\n\t\t\t\t\t\t\t<\/div>\n\t\t<\/section>\n\t\t\t\t\t<\/div>\n\t\t<\/div>\n\t\t\t\t\t\t\t<\/div>\n\t\t<\/section>\n\t\t\t\t\t\t\t<\/div>\n\t\t","protected":false},"excerpt":{"rendered":"<p>mezoter\u00e1pia T\u0171 n\u00e9lk\u00fcli mezoter\u00e1pia A\u00a0\u00a0b\u0151rfiatal\u00edt\u00e1s sor\u00e1n f\u0151k\u00e9nt hyaluronsavat, antioxid\u00e1nsokat, vitaminkomplexeket juttatunk be a b\u0151r h\u00e1m \u00e9s irhar\u00e9tegeibe. Ez m\u00e9lyen hidrat\u00e1lja a b\u0151rt, kisimulnak a r\u00e1ncok. A v\u00edzhi\u00e1nyos b\u0151rt felt\u00f6lti. Feszes\u00edti az arcb\u0151rt a kollag\u00e9n \u00e9s elasztin termel\u0151d\u00e9s fokoz\u00e1s\u00e1val. Antioxid\u00e1ns hat\u00e1s\u00e1nak k\u00f6sz\u00f6nhet\u0151en lass\u00edtja az \u00f6reged\u00e9si folyamatot. A b\u0151r puh\u00e1bb\u00e1, teltebb\u00e9, eg\u00e9szs\u00e9gesebb\u00e9 \u00e9s sug\u00e1rz\u00f3bb\u00e1 v\u00e1lik, a r\u00e1ncok &hellip;<\/p>\n<p class=\"read-more\"> <a class=\"\" href=\"https:\/\/belliskozmetika.com\/index.php\/tu-nelkuli-mezoterapia\/\"> <span class=\"screen-reader-text\">T\u0171 n\u00e9lk\u00fcli mezoter\u00e1pia<\/span> Read More &raquo;<\/a><\/p>\n","protected":false},"author":1,"featured_media":0,"parent":0,"menu_order":0,"comment_status":"closed","ping_status":"closed","template":"","meta":{"om_disable_all_campaigns":false,"_mi_skip_tracking":false,"site-sidebar-layout":"no-sidebar","site-content-layout":"page-builder","ast-global-header-display":"","ast-main-header-display":"","ast-hfb-above-header-display":"","ast-hfb-below-header-display":"","ast-hfb-mobile-header-display":"","site-post-title":"disabled","ast-breadcrumbs-content":"disabled","ast-featured-img":"disabled","footer-sml-layout":"","theme-transparent-header-meta":"enabled","adv-header-id-meta":"","stick-header-meta":"","header-above-stick-meta":"","header-main-stick-meta":"","header-below-stick-meta":""},"aioseo_notices":[],"_links":{"self":[{"href":"https:\/\/belliskozmetika.com\/index.php\/wp-json\/wp\/v2\/pages\/1426"}],"collection":[{"href":"https:\/\/belliskozmetika.com\/index.php\/wp-json\/wp\/v2\/pages"}],"about":[{"href":"https:\/\/belliskozmetika.com\/index.php\/wp-json\/wp\/v2\/types\/page"}],"author":[{"embeddable":true,"href":"https:\/\/belliskozmetika.com\/index.php\/wp-json\/wp\/v2\/users\/1"}],"replies":[{"embeddable":true,"href":"https:\/\/belliskozmetika.com\/index.php\/wp-json\/wp\/v2\/comments?post=1426"}],"version-history":[{"count":25,"href":"https:\/\/belliskozmetika.com\/index.php\/wp-json\/wp\/v2\/pages\/1426\/revisions"}],"predecessor-version":[{"id":2775,"href":"https:\/\/belliskozmetika.com\/index.php\/wp-json\/wp\/v2\/pages\/1426\/revisions\/2775"}],"wp:attachment":[{"href":"https:\/\/belliskozmetika.com\/index.php\/wp-json\/wp\/v2\/media?parent=1426"}],"curies":[{"name":"wp","href":"https:\/\/api.w.org\/{rel}","templated":true}]}}