{"id":1434,"date":"2022-11-17T15:34:36","date_gmt":"2022-11-17T15:34:36","guid":{"rendered":"https:\/\/belliskozmetika.com\/?page_id=1434"},"modified":"2022-12-01T13:35:10","modified_gmt":"2022-12-01T13:35:10","slug":"lezeres-tetovalas-eltavolitas","status":"publish","type":"page","link":"https:\/\/belliskozmetika.com\/index.php\/lezeres-tetovalas-eltavolitas\/","title":{"rendered":"L\u00e9zeres tetov\u00e1l\u00e1s elt\u00e1vol\u00edt\u00e1s"},"content":{"rendered":"\t\t<div data-elementor-type=\"wp-page\" data-elementor-id=\"1434\" class=\"elementor elementor-1434\">\n\t\t\t\t\t\t\t\t\t<section class=\"elementor-section elementor-top-section elementor-element elementor-element-c8d1405 elementor-section-boxed elementor-section-height-default elementor-section-height-default\" data-id=\"c8d1405\" data-element_type=\"section\" data-settings=\"{&quot;background_background&quot;:&quot;classic&quot;}\">\n\t\t\t\t\t\t<div class=\"elementor-container elementor-column-gap-no\">\n\t\t\t\t\t<div class=\"elementor-column elementor-col-100 elementor-top-column elementor-element elementor-element-6321077\" data-id=\"6321077\" data-element_type=\"column\">\n\t\t\t<div class=\"elementor-widget-wrap elementor-element-populated\">\n\t\t\t\t\t\t\t\t<div class=\"elementor-element elementor-element-67af5d1 elementor-widget elementor-widget-text-editor\" data-id=\"67af5d1\" data-element_type=\"widget\" data-widget_type=\"text-editor.default\">\n\t\t\t\t<div class=\"elementor-widget-container\">\n\t\t\t<style>\/*! elementor - v3.8.1 - 13-11-2022 *\/\n.elementor-widget-text-editor.elementor-drop-cap-view-stacked .elementor-drop-cap{background-color:#818a91;color:#fff}.elementor-widget-text-editor.elementor-drop-cap-view-framed .elementor-drop-cap{color:#818a91;border:3px solid;background-color:transparent}.elementor-widget-text-editor:not(.elementor-drop-cap-view-default) .elementor-drop-cap{margin-top:8px}.elementor-widget-text-editor:not(.elementor-drop-cap-view-default) .elementor-drop-cap-letter{width:1em;height:1em}.elementor-widget-text-editor .elementor-drop-cap{float:left;text-align:center;line-height:1;font-size:50px}.elementor-widget-text-editor .elementor-drop-cap-letter{display:inline-block}<\/style>\t\t\t\t\t\t\t\t\t\t<\/div>\n\t\t\t\t<\/div>\n\t\t\t\t\t<\/div>\n\t\t<\/div>\n\t\t\t\t\t\t\t<\/div>\n\t\t<\/section>\n\t\t\t\t<section class=\"elementor-section elementor-top-section elementor-element elementor-element-8338eba elementor-section-boxed elementor-section-height-default elementor-section-height-default\" data-id=\"8338eba\" data-element_type=\"section\" data-settings=\"{&quot;background_background&quot;:&quot;classic&quot;}\">\n\t\t\t\t\t\t<div class=\"elementor-container elementor-column-gap-no\">\n\t\t\t\t\t<div class=\"elementor-column elementor-col-100 elementor-top-column elementor-element elementor-element-0537fad\" data-id=\"0537fad\" data-element_type=\"column\">\n\t\t\t<div class=\"elementor-widget-wrap elementor-element-populated\">\n\t\t\t\t\t\t\t\t<div class=\"elementor-element elementor-element-b090d03 elementor-widget elementor-widget-heading\" data-id=\"b090d03\" data-element_type=\"widget\" data-widget_type=\"heading.default\">\n\t\t\t\t<div class=\"elementor-widget-container\">\n\t\t\t<style>\/*! elementor - v3.8.1 - 13-11-2022 *\/\n.elementor-heading-title{padding:0;margin:0;line-height:1}.elementor-widget-heading .elementor-heading-title[class*=elementor-size-]>a{color:inherit;font-size:inherit;line-height:inherit}.elementor-widget-heading .elementor-heading-title.elementor-size-small{font-size:15px}.elementor-widget-heading .elementor-heading-title.elementor-size-medium{font-size:19px}.elementor-widget-heading .elementor-heading-title.elementor-size-large{font-size:29px}.elementor-widget-heading .elementor-heading-title.elementor-size-xl{font-size:39px}.elementor-widget-heading .elementor-heading-title.elementor-size-xxl{font-size:59px}<\/style><h6 class=\"elementor-heading-title elementor-size-default\">ND-YAG l\u00e9zer<\/h6>\t\t<\/div>\n\t\t\t\t<\/div>\n\t\t\t\t<div class=\"elementor-element elementor-element-003b824 elementor-widget elementor-widget-heading\" data-id=\"003b824\" data-element_type=\"widget\" data-widget_type=\"heading.default\">\n\t\t\t\t<div class=\"elementor-widget-container\">\n\t\t\t<h2 class=\"elementor-heading-title elementor-size-default\">L\u00e9zeres tetov\u00e1l\u00e1s elt\u00e1vol\u00edt\u00e1s<\/h2>\t\t<\/div>\n\t\t\t\t<\/div>\n\t\t\t\t<div class=\"elementor-element elementor-element-fac5dd2 elementor-widget elementor-widget-text-editor\" data-id=\"fac5dd2\" data-element_type=\"widget\" data-widget_type=\"text-editor.default\">\n\t\t\t\t<div class=\"elementor-widget-container\">\n\t\t\t\t\t\t\t<p><span style=\"background-color: var( --e-global-color-astglobalcolor5 );\">Meguntad vagy elrontott\u00e1k?<\/span><\/p>\n<p><span style=\"font-style: inherit; font-weight: inherit; background-color: var( --e-global-color-astglobalcolor5 ); color: var(--ast-global-color-3); font-family: var( --e-global-typography-secondary-font-family ), Sans-serif;\">Van megold\u00e1s!<\/span><\/p>\n<p><span style=\"background-color: var( --e-global-color-astglobalcolor5 );\">A l\u00e9zeres tetov\u00e1l\u00e1s elt\u00e1vol\u00edt\u00f3 kezel\u00e9ssel egyszer\u0171en szabadulhatsz meg az elrontott, megunt tetov\u00e1l\u00e1st\u00f3l.<\/span>&nbsp;A tetov\u00e1l\u00e1sod elhalv\u00e1nyul, majd a megfelel\u0151 kezel\u00e9ssz\u00e1mot k\u00f6vet\u0151en elt\u0171nik.<\/p>\n<p><\/p>\t\t\t\t\t\t<\/div>\n\t\t\t\t<\/div>\n\t\t\t\t<section class=\"elementor-section elementor-inner-section elementor-element elementor-element-2dab0cf elementor-section-content-middle elementor-section-boxed elementor-section-height-default elementor-section-height-default\" data-id=\"2dab0cf\" data-element_type=\"section\">\n\t\t\t\t\t\t<div class=\"elementor-container elementor-column-gap-no\">\n\t\t\t\t\t<div class=\"elementor-column elementor-col-100 elementor-inner-column elementor-element elementor-element-0da0da9\" data-id=\"0da0da9\" data-element_type=\"column\">\n\t\t\t<div class=\"elementor-widget-wrap elementor-element-populated\">\n\t\t\t\t\t\t\t\t<div class=\"elementor-element elementor-element-dcb8381 elementor-widget elementor-widget-heading\" data-id=\"dcb8381\" data-element_type=\"widget\" data-widget_type=\"heading.default\">\n\t\t\t\t<div class=\"elementor-widget-container\">\n\t\t\t<h3 class=\"elementor-heading-title elementor-size-default\">Aj\u00e1nljuk, mert :<\/h3>\t\t<\/div>\n\t\t\t\t<\/div>\n\t\t\t\t<div class=\"elementor-element elementor-element-0f80bf2 elementor-widget elementor-widget-text-editor\" data-id=\"0f80bf2\" data-element_type=\"widget\" data-widget_type=\"text-editor.default\">\n\t\t\t\t<div class=\"elementor-widget-container\">\n\t\t\t\t\t\t\t<ul><li>Nem k\u00e1rosodik a b\u0151r\u00f6d<\/li><li>A l\u00e9zer a k\u00f6rnyez\u0151 sz\u00f6veteket is megk\u00edm\u00e9li<\/li><li>A tetov\u00e1l\u00e1s l\u00e9zeres kezel\u00e9se nem eredm\u00e9nyez hegesed\u00e9st<\/li><li>Gyors, hat\u00e9kony \u00e9s v\u00e9gleges<\/li><li>Nem j\u00e1r elviselhetetlen f\u00e1jdalommal<\/li><li>Egysz\u00edn\u0171, vagy sz\u00ednes tetov\u00e1l\u00e1s \u00e9pp\u00fagy elt\u00fcntethet\u0151, mint egy megunt szem\u00f6ld\u00f6ktetov\u00e1l\u00e1s<\/li><\/ul>\t\t\t\t\t\t<\/div>\n\t\t\t\t<\/div>\n\t\t\t\t<div class=\"elementor-element elementor-element-6263998 elementor-widget elementor-widget-button\" data-id=\"6263998\" data-element_type=\"widget\" data-widget_type=\"button.default\">\n\t\t\t\t<div class=\"elementor-widget-container\">\n\t\t\t\t\t<div class=\"elementor-button-wrapper\">\n\t\t\t<a href=\"https:\/\/belliskozmetika.com\/index.php\/contact\/\" class=\"elementor-button-link elementor-button elementor-size-sm\" role=\"button\">\n\t\t\t\t\t\t<span class=\"elementor-button-content-wrapper\">\n\t\t\t\t\t\t<span class=\"elementor-button-text\">Bejelentkez\u00e9s<\/span>\n\t\t<\/span>\n\t\t\t\t\t<\/a>\n\t\t<\/div>\n\t\t\t\t<\/div>\n\t\t\t\t<\/div>\n\t\t\t\t\t<\/div>\n\t\t<\/div>\n\t\t\t\t\t\t\t<\/div>\n\t\t<\/section>\n\t\t\t\t<section class=\"elementor-section elementor-inner-section elementor-element elementor-element-2e18f38 elementor-section-content-middle elementor-reverse-mobile elementor-section-boxed elementor-section-height-default elementor-section-height-default\" data-id=\"2e18f38\" data-element_type=\"section\">\n\t\t\t\t\t\t<div class=\"elementor-container elementor-column-gap-no\">\n\t\t\t\t\t<div class=\"elementor-column elementor-col-100 elementor-inner-column elementor-element elementor-element-9e63870\" data-id=\"9e63870\" data-element_type=\"column\">\n\t\t\t<div class=\"elementor-widget-wrap elementor-element-populated\">\n\t\t\t\t\t\t\t\t<div class=\"elementor-element elementor-element-04312f6 elementor-widget elementor-widget-heading\" data-id=\"04312f6\" data-element_type=\"widget\" data-widget_type=\"heading.default\">\n\t\t\t\t<div class=\"elementor-widget-container\">\n\t\t\t<h3 class=\"elementor-heading-title elementor-size-default\">M\u0171k\u00f6d\u00e9si elv<\/h3>\t\t<\/div>\n\t\t\t\t<\/div>\n\t\t\t\t<div class=\"elementor-element elementor-element-86d36c3 elementor-widget elementor-widget-text-editor\" data-id=\"86d36c3\" data-element_type=\"widget\" data-widget_type=\"text-editor.default\">\n\t\t\t\t<div class=\"elementor-widget-container\">\n\t\t\t\t\t\t\t<p><span style=\"background-color: var( --e-global-color-astglobalcolor5 );\">A Q kapcsolt ND YAG l\u00e9zer speci\u00e1lis hull\u00e1mhossz\u00fa f\u00e9nyt bocs\u00e1t ki magas cs\u00facsenergia pulzussal. Ez a fokozott energias\u0171r\u0171s\u00e9g\u0171 f\u00e9nynyal\u00e1b (6 milliszekundum ideig, teh\u00e1t igaz\u00e1n r\u00f6vid id\u0151r\u0151l van sz\u00f3) akad\u00e1ly n\u00e9lk\u00fcl hatol \u00e1t a vil\u00e1gos b\u0151r\u00f6n, a s\u00f6t\u00e9t sz\u00ednben (s\u00f6t\u00e9t sz\u00edn\u0171 fest\u00e9kben) azonban maxim\u00e1lisan elnyel\u0151dik, k\u00f6lcs\u00f6nhat\u00e1sba l\u00e9p vele \u00e9s konkr\u00e9tan sz\u00e9trobbantja. Min\u00e9l s\u00f6t\u00e9tebb sz\u00edn\u0171 a bevitt tetov\u00e1l\u00f3 fest\u00e9k ann\u00e1l jobban k\u00e9pes elnyelni ezt a l\u00e9zerf\u00e9nyt. A Q ND YAG l\u00e9zer Q-kapcsolt \u00fczemm\u00f3dban \u00fagy k\u00e9pes a tetov\u00e1l\u00e1sokat elt\u00e1vol\u00edtani, hogy nem okoz hegesed\u00e9st. A l\u00e9zer m\u00e1shogyan hat k\u00fcl\u00f6nf\u00e9le sz\u00edn\u0171 fest\u00e9kekre. Egyes fest\u00e9kekben a kett\u0151s k\u00f6t\u00e9seket bontja fel, m\u00e1sokban fragment\u00e1l (a pigment tartalm\u00fa sejtek felhev\u00fclnek \u00e9s felrobbannak).\u00a0<\/span><span style=\"text-align: center; font-style: inherit; font-weight: inherit; background-color: var( --e-global-color-astglobalcolor5 ); color: var(--ast-global-color-3); font-family: var( --e-global-typography-secondary-font-family ), Sans-serif;\">\u00a0kezel\u00e9s sor\u00e1n a l\u00e9zersug\u00e1r \u00e9s az erre kifejlesztett speci\u00e1lis carbon kr\u00e9m (sz\u00e9n maszk) egy\u00fcttes hat\u00e1sa adja meg a v\u00e1rt eredm\u00e9nyt. A f\u00e9nyabszorpci\u00f3 elve \u00e9rv\u00e9nyes\u00fcl.<\/span><\/p>\t\t\t\t\t\t<\/div>\n\t\t\t\t<\/div>\n\t\t\t\t\t<\/div>\n\t\t<\/div>\n\t\t\t\t\t\t\t<\/div>\n\t\t<\/section>\n\t\t\t\t\t<\/div>\n\t\t<\/div>\n\t\t\t\t\t\t\t<\/div>\n\t\t<\/section>\n\t\t\t\t<section class=\"elementor-section elementor-top-section elementor-element elementor-element-1cbb5be elementor-section-boxed elementor-section-height-default elementor-section-height-default\" data-id=\"1cbb5be\" data-element_type=\"section\">\n\t\t\t\t\t\t<div class=\"elementor-container elementor-column-gap-default\">\n\t\t\t\t\t<div class=\"elementor-column elementor-col-100 elementor-top-column elementor-element elementor-element-a6b558c\" data-id=\"a6b558c\" data-element_type=\"column\">\n\t\t\t<div class=\"elementor-widget-wrap elementor-element-populated\">\n\t\t\t\t\t\t\t\t<div class=\"elementor-element elementor-element-960ce85 elementor-widget elementor-widget-heading\" data-id=\"960ce85\" data-element_type=\"widget\" data-widget_type=\"heading.default\">\n\t\t\t\t<div class=\"elementor-widget-container\">\n\t\t\t<h3 class=\"elementor-heading-title elementor-size-default\">EL\u00c9RHET\u0150S\u00c9GEIM<\/h3>\t\t<\/div>\n\t\t\t\t<\/div>\n\t\t\t\t<section class=\"elementor-section elementor-inner-section elementor-element elementor-element-81c6736 elementor-section-boxed elementor-section-height-default elementor-section-height-default\" data-id=\"81c6736\" data-element_type=\"section\" data-settings=\"{&quot;background_background&quot;:&quot;classic&quot;}\">\n\t\t\t\t\t\t<div class=\"elementor-container elementor-column-gap-no\">\n\t\t\t\t\t<div class=\"elementor-column elementor-col-25 elementor-inner-column elementor-element elementor-element-484accb\" data-id=\"484accb\" data-element_type=\"column\">\n\t\t\t<div class=\"elementor-widget-wrap elementor-element-populated\">\n\t\t\t\t\t\t\t\t<div class=\"elementor-element elementor-element-51f0873 elementor-view-stacked elementor-shape-circle elementor-widget elementor-widget-icon\" data-id=\"51f0873\" data-element_type=\"widget\" data-widget_type=\"icon.default\">\n\t\t\t\t<div class=\"elementor-widget-container\">\n\t\t\t\t\t<div class=\"elementor-icon-wrapper\">\n\t\t\t<div class=\"elementor-icon\">\n\t\t\t<i aria-hidden=\"true\" class=\"fas fa-mobile-alt\"><\/i>\t\t\t<\/div>\n\t\t<\/div>\n\t\t\t\t<\/div>\n\t\t\t\t<\/div>\n\t\t\t\t<div class=\"elementor-element elementor-element-21cbc67 elementor-widget elementor-widget-text-editor\" data-id=\"21cbc67\" data-element_type=\"widget\" data-widget_type=\"text-editor.default\">\n\t\t\t\t<div class=\"elementor-widget-container\">\n\t\t\t\t\t\t\t<p>TELEFON<\/p>\t\t\t\t\t\t<\/div>\n\t\t\t\t<\/div>\n\t\t\t\t<div class=\"elementor-element elementor-element-80fd89e elementor-widget elementor-widget-text-editor\" data-id=\"80fd89e\" data-element_type=\"widget\" data-widget_type=\"text-editor.default\">\n\t\t\t\t<div class=\"elementor-widget-container\">\n\t\t\t\t\t\t\t<p>+36 70 366 60 17<\/p>\t\t\t\t\t\t<\/div>\n\t\t\t\t<\/div>\n\t\t\t\t\t<\/div>\n\t\t<\/div>\n\t\t\t\t<div class=\"elementor-column elementor-col-25 elementor-inner-column elementor-element elementor-element-20cd150\" data-id=\"20cd150\" data-element_type=\"column\">\n\t\t\t<div class=\"elementor-widget-wrap elementor-element-populated\">\n\t\t\t\t\t\t\t\t<div class=\"elementor-element elementor-element-8239e84 elementor-view-stacked elementor-shape-circle elementor-widget elementor-widget-icon\" data-id=\"8239e84\" data-element_type=\"widget\" data-widget_type=\"icon.default\">\n\t\t\t\t<div class=\"elementor-widget-container\">\n\t\t\t\t\t<div class=\"elementor-icon-wrapper\">\n\t\t\t<div class=\"elementor-icon\">\n\t\t\t<i aria-hidden=\"true\" class=\"fas fa-envelope\"><\/i>\t\t\t<\/div>\n\t\t<\/div>\n\t\t\t\t<\/div>\n\t\t\t\t<\/div>\n\t\t\t\t<div class=\"elementor-element elementor-element-c064f8c elementor-widget elementor-widget-text-editor\" data-id=\"c064f8c\" data-element_type=\"widget\" data-widget_type=\"text-editor.default\">\n\t\t\t\t<div class=\"elementor-widget-container\">\n\t\t\t\t\t\t\t<p>E-MAIL<\/p>\t\t\t\t\t\t<\/div>\n\t\t\t\t<\/div>\n\t\t\t\t<div class=\"elementor-element elementor-element-c0a4b90 elementor-widget elementor-widget-text-editor\" data-id=\"c0a4b90\" data-element_type=\"widget\" data-widget_type=\"text-editor.default\">\n\t\t\t\t<div class=\"elementor-widget-container\">\n\t\t\t\t\t\t\t<p>simontandrea@gmail.com<\/p>\t\t\t\t\t\t<\/div>\n\t\t\t\t<\/div>\n\t\t\t\t\t<\/div>\n\t\t<\/div>\n\t\t\t\t<div class=\"elementor-column elementor-col-25 elementor-inner-column elementor-element elementor-element-6297eec\" data-id=\"6297eec\" data-element_type=\"column\">\n\t\t\t<div class=\"elementor-widget-wrap elementor-element-populated\">\n\t\t\t\t\t\t\t\t<div class=\"elementor-element elementor-element-c604acc elementor-view-stacked elementor-shape-circle elementor-widget elementor-widget-icon\" data-id=\"c604acc\" data-element_type=\"widget\" data-widget_type=\"icon.default\">\n\t\t\t\t<div class=\"elementor-widget-container\">\n\t\t\t\t\t<div class=\"elementor-icon-wrapper\">\n\t\t\t<div class=\"elementor-icon\">\n\t\t\t<i aria-hidden=\"true\" class=\"fas fa-map-marker-alt\"><\/i>\t\t\t<\/div>\n\t\t<\/div>\n\t\t\t\t<\/div>\n\t\t\t\t<\/div>\n\t\t\t\t<div class=\"elementor-element elementor-element-65625d8 elementor-widget elementor-widget-text-editor\" data-id=\"65625d8\" data-element_type=\"widget\" data-widget_type=\"text-editor.default\">\n\t\t\t\t<div class=\"elementor-widget-container\">\n\t\t\t\t\t\t\t<p>C\u00cdM<\/p>\t\t\t\t\t\t<\/div>\n\t\t\t\t<\/div>\n\t\t\t\t<div class=\"elementor-element elementor-element-c4a034c elementor-widget elementor-widget-text-editor\" data-id=\"c4a034c\" data-element_type=\"widget\" data-widget_type=\"text-editor.default\">\n\t\t\t\t<div class=\"elementor-widget-container\">\n\t\t\t\t\t\t\t<p>Duna\u00fajv\u00e1ros<br \/>Sz\u00f3r\u00e1d M\u00e1rton \u00fat 16.<br \/>104. kapucseng\u0151<\/p>\t\t\t\t\t\t<\/div>\n\t\t\t\t<\/div>\n\t\t\t\t\t<\/div>\n\t\t<\/div>\n\t\t\t\t<div class=\"elementor-column elementor-col-25 elementor-inner-column elementor-element elementor-element-44e881c\" data-id=\"44e881c\" data-element_type=\"column\">\n\t\t\t<div class=\"elementor-widget-wrap elementor-element-populated\">\n\t\t\t\t\t\t\t\t<div class=\"elementor-element elementor-element-2bbec55 elementor-view-stacked elementor-shape-circle elementor-widget elementor-widget-icon\" data-id=\"2bbec55\" data-element_type=\"widget\" data-widget_type=\"icon.default\">\n\t\t\t\t<div class=\"elementor-widget-container\">\n\t\t\t\t\t<div class=\"elementor-icon-wrapper\">\n\t\t\t<div class=\"elementor-icon\">\n\t\t\t<i aria-hidden=\"true\" class=\"fas fa-home\"><\/i>\t\t\t<\/div>\n\t\t<\/div>\n\t\t\t\t<\/div>\n\t\t\t\t<\/div>\n\t\t\t\t<div class=\"elementor-element elementor-element-3145acb elementor-widget elementor-widget-text-editor\" data-id=\"3145acb\" data-element_type=\"widget\" data-widget_type=\"text-editor.default\">\n\t\t\t\t<div class=\"elementor-widget-container\">\n\t\t\t\t\t\t\t<p>NYITVATART\u00c1S<\/p>\t\t\t\t\t\t<\/div>\n\t\t\t\t<\/div>\n\t\t\t\t<div class=\"elementor-element elementor-element-2aac586 elementor-widget elementor-widget-text-editor\" data-id=\"2aac586\" data-element_type=\"widget\" data-widget_type=\"text-editor.default\">\n\t\t\t\t<div class=\"elementor-widget-container\">\n\t\t\t\t\t\t\t<p>El\u0151re egyeztetett id\u0151pontban\u00a0<\/p>\t\t\t\t\t\t<\/div>\n\t\t\t\t<\/div>\n\t\t\t\t\t<\/div>\n\t\t<\/div>\n\t\t\t\t\t\t\t<\/div>\n\t\t<\/section>\n\t\t\t\t\t<\/div>\n\t\t<\/div>\n\t\t\t\t\t\t\t<\/div>\n\t\t<\/section>\n\t\t\t\t\t\t\t<\/div>\n\t\t","protected":false},"excerpt":{"rendered":"<p>ND-YAG l\u00e9zer L\u00e9zeres tetov\u00e1l\u00e1s elt\u00e1vol\u00edt\u00e1s Meguntad vagy elrontott\u00e1k? Van megold\u00e1s! A l\u00e9zeres tetov\u00e1l\u00e1s elt\u00e1vol\u00edt\u00f3 kezel\u00e9ssel egyszer\u0171en szabadulhatsz meg az elrontott, megunt tetov\u00e1l\u00e1st\u00f3l.&nbsp;A tetov\u00e1l\u00e1sod elhalv\u00e1nyul, majd a megfelel\u0151 kezel\u00e9ssz\u00e1mot k\u00f6vet\u0151en elt\u0171nik. Aj\u00e1nljuk, mert : Nem k\u00e1rosodik a b\u0151r\u00f6d A l\u00e9zer a k\u00f6rnyez\u0151 sz\u00f6veteket is megk\u00edm\u00e9li A tetov\u00e1l\u00e1s l\u00e9zeres kezel\u00e9se nem eredm\u00e9nyez hegesed\u00e9st Gyors, hat\u00e9kony \u00e9s v\u00e9gleges &hellip;<\/p>\n<p class=\"read-more\"> <a class=\"\" href=\"https:\/\/belliskozmetika.com\/index.php\/lezeres-tetovalas-eltavolitas\/\"> <span class=\"screen-reader-text\">L\u00e9zeres tetov\u00e1l\u00e1s elt\u00e1vol\u00edt\u00e1s<\/span> Read More &raquo;<\/a><\/p>\n","protected":false},"author":1,"featured_media":0,"parent":0,"menu_order":0,"comment_status":"closed","ping_status":"closed","template":"","meta":{"om_disable_all_campaigns":false,"_mi_skip_tracking":false,"site-sidebar-layout":"no-sidebar","site-content-layout":"page-builder","ast-global-header-display":"","ast-main-header-display":"","ast-hfb-above-header-display":"","ast-hfb-below-header-display":"","ast-hfb-mobile-header-display":"","site-post-title":"disabled","ast-breadcrumbs-content":"disabled","ast-featured-img":"disabled","footer-sml-layout":"","theme-transparent-header-meta":"enabled","adv-header-id-meta":"","stick-header-meta":"","header-above-stick-meta":"","header-main-stick-meta":"","header-below-stick-meta":""},"aioseo_notices":[],"_links":{"self":[{"href":"https:\/\/belliskozmetika.com\/index.php\/wp-json\/wp\/v2\/pages\/1434"}],"collection":[{"href":"https:\/\/belliskozmetika.com\/index.php\/wp-json\/wp\/v2\/pages"}],"about":[{"href":"https:\/\/belliskozmetika.com\/index.php\/wp-json\/wp\/v2\/types\/page"}],"author":[{"embeddable":true,"href":"https:\/\/belliskozmetika.com\/index.php\/wp-json\/wp\/v2\/users\/1"}],"replies":[{"embeddable":true,"href":"https:\/\/belliskozmetika.com\/index.php\/wp-json\/wp\/v2\/comments?post=1434"}],"version-history":[{"count":22,"href":"https:\/\/belliskozmetika.com\/index.php\/wp-json\/wp\/v2\/pages\/1434\/revisions"}],"predecessor-version":[{"id":2004,"href":"https:\/\/belliskozmetika.com\/index.php\/wp-json\/wp\/v2\/pages\/1434\/revisions\/2004"}],"wp:attachment":[{"href":"https:\/\/belliskozmetika.com\/index.php\/wp-json\/wp\/v2\/media?parent=1434"}],"curies":[{"name":"wp","href":"https:\/\/api.w.org\/{rel}","templated":true}]}}