{"id":1792,"date":"2022-11-28T08:22:34","date_gmt":"2022-11-28T08:22:34","guid":{"rendered":"https:\/\/belliskozmetika.com\/?page_id=1792"},"modified":"2025-10-09T11:14:28","modified_gmt":"2025-10-09T11:14:28","slug":"pigmentfolt-halvanyito-program","status":"publish","type":"page","link":"https:\/\/belliskozmetika.com\/index.php\/pigmentfolt-halvanyito-program\/","title":{"rendered":"Pigmentfolt halv\u00e1ny\u00edt\u00f3 program"},"content":{"rendered":"\t\t<div data-elementor-type=\"wp-page\" data-elementor-id=\"1792\" class=\"elementor elementor-1792\">\n\t\t\t\t\t\t\t\t\t<section class=\"elementor-section elementor-top-section elementor-element elementor-element-c8d1405 elementor-section-boxed elementor-section-height-default elementor-section-height-default\" data-id=\"c8d1405\" data-element_type=\"section\" data-settings=\"{&quot;background_background&quot;:&quot;classic&quot;}\">\n\t\t\t\t\t\t<div class=\"elementor-container elementor-column-gap-no\">\n\t\t\t\t\t<div class=\"elementor-column elementor-col-100 elementor-top-column elementor-element elementor-element-6321077\" data-id=\"6321077\" data-element_type=\"column\">\n\t\t\t<div class=\"elementor-widget-wrap elementor-element-populated\">\n\t\t\t\t\t\t\t\t<div class=\"elementor-element elementor-element-67af5d1 elementor-widget elementor-widget-text-editor\" data-id=\"67af5d1\" data-element_type=\"widget\" data-widget_type=\"text-editor.default\">\n\t\t\t\t<div class=\"elementor-widget-container\">\n\t\t\t<style>\/*! elementor - v3.8.1 - 13-11-2022 *\/\n.elementor-widget-text-editor.elementor-drop-cap-view-stacked .elementor-drop-cap{background-color:#818a91;color:#fff}.elementor-widget-text-editor.elementor-drop-cap-view-framed .elementor-drop-cap{color:#818a91;border:3px solid;background-color:transparent}.elementor-widget-text-editor:not(.elementor-drop-cap-view-default) .elementor-drop-cap{margin-top:8px}.elementor-widget-text-editor:not(.elementor-drop-cap-view-default) .elementor-drop-cap-letter{width:1em;height:1em}.elementor-widget-text-editor .elementor-drop-cap{float:left;text-align:center;line-height:1;font-size:50px}.elementor-widget-text-editor .elementor-drop-cap-letter{display:inline-block}<\/style>\t\t\t\t\t\t\t\t\t\t<\/div>\n\t\t\t\t<\/div>\n\t\t\t\t\t<\/div>\n\t\t<\/div>\n\t\t\t\t\t\t\t<\/div>\n\t\t<\/section>\n\t\t\t\t<section class=\"elementor-section elementor-top-section elementor-element elementor-element-8338eba elementor-section-boxed elementor-section-height-default elementor-section-height-default\" data-id=\"8338eba\" data-element_type=\"section\" data-settings=\"{&quot;background_background&quot;:&quot;classic&quot;}\">\n\t\t\t\t\t\t<div class=\"elementor-container elementor-column-gap-no\">\n\t\t\t\t\t<div class=\"elementor-column elementor-col-100 elementor-top-column elementor-element elementor-element-0537fad\" data-id=\"0537fad\" data-element_type=\"column\">\n\t\t\t<div class=\"elementor-widget-wrap elementor-element-populated\">\n\t\t\t\t\t\t\t\t<div class=\"elementor-element elementor-element-003b824 elementor-widget elementor-widget-heading\" data-id=\"003b824\" data-element_type=\"widget\" data-widget_type=\"heading.default\">\n\t\t\t\t<div class=\"elementor-widget-container\">\n\t\t\t<style>\/*! elementor - v3.8.1 - 13-11-2022 *\/\n.elementor-heading-title{padding:0;margin:0;line-height:1}.elementor-widget-heading .elementor-heading-title[class*=elementor-size-]>a{color:inherit;font-size:inherit;line-height:inherit}.elementor-widget-heading .elementor-heading-title.elementor-size-small{font-size:15px}.elementor-widget-heading .elementor-heading-title.elementor-size-medium{font-size:19px}.elementor-widget-heading .elementor-heading-title.elementor-size-large{font-size:29px}.elementor-widget-heading .elementor-heading-title.elementor-size-xl{font-size:39px}.elementor-widget-heading .elementor-heading-title.elementor-size-xxl{font-size:59px}<\/style><h2 class=\"elementor-heading-title elementor-size-default\">Pigmentfolt halv\u00e1ny\u00edt\u00f3 program<\/h2>\t\t<\/div>\n\t\t\t\t<\/div>\n\t\t\t\t<div class=\"elementor-element elementor-element-fac5dd2 elementor-widget elementor-widget-text-editor\" data-id=\"fac5dd2\" data-element_type=\"widget\" data-widget_type=\"text-editor.default\">\n\t\t\t\t<div class=\"elementor-widget-container\">\n\t\t\t\t\t\t\t<p>Mivel a pigment\u00e1ci\u00f3 \u00e9s a pigmentfoltos b\u0151r \u00e1pol\u00e1sa nem csup\u00e1n \u201efel\u00fcleti\u201d probl\u00e9ma. A legt\u00f6bb n\u0151nek gondot okoz az UV-sug\u00e1rz\u00e1ssal szembeni v\u00e9delem \u00e9s az anti-aging \u00f6sszehangol\u00e1s. A Belico\u00ae <span style=\"font-style: inherit; font-weight: inherit; background-color: var( --e-global-color-astglobalcolor5 ); color: var(--ast-global-color-3); font-family: var( --e-global-typography-secondary-font-family ), Sans-serif;\">Derma Concept egy olyan teljes k\u00f6r\u0171, otthoni \u00e9s szalon, liposz\u00f3m\u00e1s, m\u00e9lyhat\u00e1s\u00fa programot fejlesztett ki, ami egy csomagban t\u00f6k\u00e9letes megold\u00e1s a f\u00e9nyv\u00e9delemre, a foltok halv\u00e1ny\u00edt\u00e1s\u00e1ra, a b\u0151r \u00f6reged\u00e9si t\u00fcneteinek visszaszor\u00edt\u00e1s\u00e1ra, a hidrat\u00e1l\u00e1sra \u00e9s b\u0151rt\u00e1pl\u00e1l\u00e1sra.<\/span><\/p><p><span style=\"font-style: inherit; font-weight: inherit; background-color: var( --e-global-color-astglobalcolor5 ); color: var(--ast-global-color-3); font-family: var( --e-global-typography-secondary-font-family ), Sans-serif;\">\u00a0<\/span><img decoding=\"async\" loading=\"lazy\" class=\"alignnone size-medium wp-image-2757\" style=\"font-size: 1rem;\" src=\"http:\/\/belliskozmetika.com\/wp-content\/uploads\/2025\/10\/pigment-halvanyito-300x300.jpg\" alt=\"\" width=\"300\" height=\"300\" srcset=\"https:\/\/belliskozmetika.com\/wp-content\/uploads\/2025\/10\/pigment-halvanyito-300x300.jpg 300w, https:\/\/belliskozmetika.com\/wp-content\/uploads\/2025\/10\/pigment-halvanyito-150x150.jpg 150w, https:\/\/belliskozmetika.com\/wp-content\/uploads\/2025\/10\/pigment-halvanyito-768x768.jpg 768w, https:\/\/belliskozmetika.com\/wp-content\/uploads\/2025\/10\/pigment-halvanyito.jpg 960w\" sizes=\"(max-width: 300px) 100vw, 300px\" \/><\/p>\t\t\t\t\t\t<\/div>\n\t\t\t\t<\/div>\n\t\t\t\t\t<\/div>\n\t\t<\/div>\n\t\t\t\t\t\t\t<\/div>\n\t\t<\/section>\n\t\t\t\t<section class=\"elementor-section elementor-top-section elementor-element elementor-element-1cbb5be elementor-section-boxed elementor-section-height-default elementor-section-height-default\" data-id=\"1cbb5be\" data-element_type=\"section\">\n\t\t\t\t\t\t<div class=\"elementor-container elementor-column-gap-default\">\n\t\t\t\t\t<div class=\"elementor-column elementor-col-100 elementor-top-column elementor-element elementor-element-a6b558c\" data-id=\"a6b558c\" data-element_type=\"column\">\n\t\t\t<div class=\"elementor-widget-wrap elementor-element-populated\">\n\t\t\t\t\t\t\t\t<div class=\"elementor-element elementor-element-960ce85 elementor-widget elementor-widget-heading\" data-id=\"960ce85\" data-element_type=\"widget\" data-widget_type=\"heading.default\">\n\t\t\t\t<div class=\"elementor-widget-container\">\n\t\t\t<h3 class=\"elementor-heading-title elementor-size-default\">EL\u00c9RHET\u0150S\u00c9GEIM<\/h3>\t\t<\/div>\n\t\t\t\t<\/div>\n\t\t\t\t<section class=\"elementor-section elementor-inner-section elementor-element elementor-element-81c6736 elementor-section-boxed elementor-section-height-default elementor-section-height-default\" data-id=\"81c6736\" data-element_type=\"section\" data-settings=\"{&quot;background_background&quot;:&quot;classic&quot;}\">\n\t\t\t\t\t\t<div class=\"elementor-container elementor-column-gap-no\">\n\t\t\t\t\t<div class=\"elementor-column elementor-col-25 elementor-inner-column elementor-element elementor-element-484accb\" data-id=\"484accb\" data-element_type=\"column\">\n\t\t\t<div class=\"elementor-widget-wrap elementor-element-populated\">\n\t\t\t\t\t\t\t\t<div class=\"elementor-element elementor-element-51f0873 elementor-view-stacked elementor-shape-circle elementor-widget elementor-widget-icon\" data-id=\"51f0873\" data-element_type=\"widget\" data-widget_type=\"icon.default\">\n\t\t\t\t<div class=\"elementor-widget-container\">\n\t\t\t\t\t<div class=\"elementor-icon-wrapper\">\n\t\t\t<div class=\"elementor-icon\">\n\t\t\t<i aria-hidden=\"true\" class=\"fas fa-mobile-alt\"><\/i>\t\t\t<\/div>\n\t\t<\/div>\n\t\t\t\t<\/div>\n\t\t\t\t<\/div>\n\t\t\t\t<div class=\"elementor-element elementor-element-21cbc67 elementor-widget elementor-widget-text-editor\" data-id=\"21cbc67\" data-element_type=\"widget\" data-widget_type=\"text-editor.default\">\n\t\t\t\t<div class=\"elementor-widget-container\">\n\t\t\t\t\t\t\t<p>TELEFON<\/p>\t\t\t\t\t\t<\/div>\n\t\t\t\t<\/div>\n\t\t\t\t<div class=\"elementor-element elementor-element-80fd89e elementor-widget elementor-widget-text-editor\" data-id=\"80fd89e\" data-element_type=\"widget\" data-widget_type=\"text-editor.default\">\n\t\t\t\t<div class=\"elementor-widget-container\">\n\t\t\t\t\t\t\t<p>+36 70 366 60 17<\/p>\t\t\t\t\t\t<\/div>\n\t\t\t\t<\/div>\n\t\t\t\t\t<\/div>\n\t\t<\/div>\n\t\t\t\t<div class=\"elementor-column elementor-col-25 elementor-inner-column elementor-element elementor-element-20cd150\" data-id=\"20cd150\" data-element_type=\"column\">\n\t\t\t<div class=\"elementor-widget-wrap elementor-element-populated\">\n\t\t\t\t\t\t\t\t<div class=\"elementor-element elementor-element-8239e84 elementor-view-stacked elementor-shape-circle elementor-widget elementor-widget-icon\" data-id=\"8239e84\" data-element_type=\"widget\" data-widget_type=\"icon.default\">\n\t\t\t\t<div class=\"elementor-widget-container\">\n\t\t\t\t\t<div class=\"elementor-icon-wrapper\">\n\t\t\t<div class=\"elementor-icon\">\n\t\t\t<i aria-hidden=\"true\" class=\"fas fa-envelope\"><\/i>\t\t\t<\/div>\n\t\t<\/div>\n\t\t\t\t<\/div>\n\t\t\t\t<\/div>\n\t\t\t\t<div class=\"elementor-element elementor-element-c064f8c elementor-widget elementor-widget-text-editor\" data-id=\"c064f8c\" data-element_type=\"widget\" data-widget_type=\"text-editor.default\">\n\t\t\t\t<div class=\"elementor-widget-container\">\n\t\t\t\t\t\t\t<p>E-MAIL<\/p>\t\t\t\t\t\t<\/div>\n\t\t\t\t<\/div>\n\t\t\t\t<div class=\"elementor-element elementor-element-c0a4b90 elementor-widget elementor-widget-text-editor\" data-id=\"c0a4b90\" data-element_type=\"widget\" data-widget_type=\"text-editor.default\">\n\t\t\t\t<div class=\"elementor-widget-container\">\n\t\t\t\t\t\t\t<p>simontandrea@gmail.com<\/p>\t\t\t\t\t\t<\/div>\n\t\t\t\t<\/div>\n\t\t\t\t\t<\/div>\n\t\t<\/div>\n\t\t\t\t<div class=\"elementor-column elementor-col-25 elementor-inner-column elementor-element elementor-element-6297eec\" data-id=\"6297eec\" data-element_type=\"column\">\n\t\t\t<div class=\"elementor-widget-wrap elementor-element-populated\">\n\t\t\t\t\t\t\t\t<div class=\"elementor-element elementor-element-c604acc elementor-view-stacked elementor-shape-circle elementor-widget elementor-widget-icon\" data-id=\"c604acc\" data-element_type=\"widget\" data-widget_type=\"icon.default\">\n\t\t\t\t<div class=\"elementor-widget-container\">\n\t\t\t\t\t<div class=\"elementor-icon-wrapper\">\n\t\t\t<div class=\"elementor-icon\">\n\t\t\t<i aria-hidden=\"true\" class=\"fas fa-map-marker-alt\"><\/i>\t\t\t<\/div>\n\t\t<\/div>\n\t\t\t\t<\/div>\n\t\t\t\t<\/div>\n\t\t\t\t<div class=\"elementor-element elementor-element-65625d8 elementor-widget elementor-widget-text-editor\" data-id=\"65625d8\" data-element_type=\"widget\" data-widget_type=\"text-editor.default\">\n\t\t\t\t<div class=\"elementor-widget-container\">\n\t\t\t\t\t\t\t<p>C\u00cdM<\/p>\t\t\t\t\t\t<\/div>\n\t\t\t\t<\/div>\n\t\t\t\t<div class=\"elementor-element elementor-element-c4a034c elementor-widget elementor-widget-text-editor\" data-id=\"c4a034c\" data-element_type=\"widget\" data-widget_type=\"text-editor.default\">\n\t\t\t\t<div class=\"elementor-widget-container\">\n\t\t\t\t\t\t\t<p>Duna\u00fajv\u00e1ros<br \/>Sz\u00f3r\u00e1d M\u00e1rton \u00fat 16.<br \/>104. kapucseng\u0151<\/p>\t\t\t\t\t\t<\/div>\n\t\t\t\t<\/div>\n\t\t\t\t\t<\/div>\n\t\t<\/div>\n\t\t\t\t<div class=\"elementor-column elementor-col-25 elementor-inner-column elementor-element elementor-element-44e881c\" data-id=\"44e881c\" data-element_type=\"column\">\n\t\t\t<div class=\"elementor-widget-wrap elementor-element-populated\">\n\t\t\t\t\t\t\t\t<div class=\"elementor-element elementor-element-2bbec55 elementor-view-stacked elementor-shape-circle elementor-widget elementor-widget-icon\" data-id=\"2bbec55\" data-element_type=\"widget\" data-widget_type=\"icon.default\">\n\t\t\t\t<div class=\"elementor-widget-container\">\n\t\t\t\t\t<div class=\"elementor-icon-wrapper\">\n\t\t\t<div class=\"elementor-icon\">\n\t\t\t<i aria-hidden=\"true\" class=\"fas fa-home\"><\/i>\t\t\t<\/div>\n\t\t<\/div>\n\t\t\t\t<\/div>\n\t\t\t\t<\/div>\n\t\t\t\t<div class=\"elementor-element elementor-element-3145acb elementor-widget elementor-widget-text-editor\" data-id=\"3145acb\" data-element_type=\"widget\" data-widget_type=\"text-editor.default\">\n\t\t\t\t<div class=\"elementor-widget-container\">\n\t\t\t\t\t\t\t<p>NYITVATART\u00c1S<\/p>\t\t\t\t\t\t<\/div>\n\t\t\t\t<\/div>\n\t\t\t\t<div class=\"elementor-element elementor-element-2aac586 elementor-widget elementor-widget-text-editor\" data-id=\"2aac586\" data-element_type=\"widget\" data-widget_type=\"text-editor.default\">\n\t\t\t\t<div class=\"elementor-widget-container\">\n\t\t\t\t\t\t\t<p>El\u0151re egyeztetett id\u0151pontban\u00a0<\/p>\t\t\t\t\t\t<\/div>\n\t\t\t\t<\/div>\n\t\t\t\t\t<\/div>\n\t\t<\/div>\n\t\t\t\t\t\t\t<\/div>\n\t\t<\/section>\n\t\t\t\t\t<\/div>\n\t\t<\/div>\n\t\t\t\t\t\t\t<\/div>\n\t\t<\/section>\n\t\t\t\t\t\t\t<\/div>\n\t\t","protected":false},"excerpt":{"rendered":"<p>Pigmentfolt halv\u00e1ny\u00edt\u00f3 program Mivel a pigment\u00e1ci\u00f3 \u00e9s a pigmentfoltos b\u0151r \u00e1pol\u00e1sa nem csup\u00e1n \u201efel\u00fcleti\u201d probl\u00e9ma. A legt\u00f6bb n\u0151nek gondot okoz az UV-sug\u00e1rz\u00e1ssal szembeni v\u00e9delem \u00e9s az anti-aging \u00f6sszehangol\u00e1s. A Belico\u00ae Derma Concept egy olyan teljes k\u00f6r\u0171, otthoni \u00e9s szalon, liposz\u00f3m\u00e1s, m\u00e9lyhat\u00e1s\u00fa programot fejlesztett ki, ami egy csomagban t\u00f6k\u00e9letes megold\u00e1s a f\u00e9nyv\u00e9delemre, a foltok halv\u00e1ny\u00edt\u00e1s\u00e1ra, a &hellip;<\/p>\n<p class=\"read-more\"> <a class=\"\" href=\"https:\/\/belliskozmetika.com\/index.php\/pigmentfolt-halvanyito-program\/\"> <span class=\"screen-reader-text\">Pigmentfolt halv\u00e1ny\u00edt\u00f3 program<\/span> Read More &raquo;<\/a><\/p>\n","protected":false},"author":1,"featured_media":0,"parent":0,"menu_order":0,"comment_status":"closed","ping_status":"closed","template":"","meta":{"om_disable_all_campaigns":false,"_mi_skip_tracking":false,"site-sidebar-layout":"no-sidebar","site-content-layout":"page-builder","ast-global-header-display":"","ast-main-header-display":"","ast-hfb-above-header-display":"","ast-hfb-below-header-display":"","ast-hfb-mobile-header-display":"","site-post-title":"disabled","ast-breadcrumbs-content":"disabled","ast-featured-img":"disabled","footer-sml-layout":"","theme-transparent-header-meta":"enabled","adv-header-id-meta":"","stick-header-meta":"","header-above-stick-meta":"","header-main-stick-meta":"","header-below-stick-meta":""},"aioseo_notices":[],"_links":{"self":[{"href":"https:\/\/belliskozmetika.com\/index.php\/wp-json\/wp\/v2\/pages\/1792"}],"collection":[{"href":"https:\/\/belliskozmetika.com\/index.php\/wp-json\/wp\/v2\/pages"}],"about":[{"href":"https:\/\/belliskozmetika.com\/index.php\/wp-json\/wp\/v2\/types\/page"}],"author":[{"embeddable":true,"href":"https:\/\/belliskozmetika.com\/index.php\/wp-json\/wp\/v2\/users\/1"}],"replies":[{"embeddable":true,"href":"https:\/\/belliskozmetika.com\/index.php\/wp-json\/wp\/v2\/comments?post=1792"}],"version-history":[{"count":16,"href":"https:\/\/belliskozmetika.com\/index.php\/wp-json\/wp\/v2\/pages\/1792\/revisions"}],"predecessor-version":[{"id":2760,"href":"https:\/\/belliskozmetika.com\/index.php\/wp-json\/wp\/v2\/pages\/1792\/revisions\/2760"}],"wp:attachment":[{"href":"https:\/\/belliskozmetika.com\/index.php\/wp-json\/wp\/v2\/media?parent=1792"}],"curies":[{"name":"wp","href":"https:\/\/api.w.org\/{rel}","templated":true}]}}